{"id":1092,"date":"2013-10-08T10:01:02","date_gmt":"2013-10-08T10:01:02","guid":{"rendered":"http:\/\/www.folken.no\/folken\/?page_id=1092"},"modified":"2025-04-02T13:44:16","modified_gmt":"2025-04-02T11:44:16","slug":"utleie","status":"publish","type":"page","link":"https:\/\/www.folken.no\/folken\/om-folken\/utleie\/","title":{"rendered":"Utleie"},"content":{"rendered":"<h2>Leie Folken?<\/h2>\n<p><strong>Folken er f\u00f8rst og fremst studentenes kulturhus og byens beste konsertscene for rytmisk musikk. I tillegg egner v\u00e5re lokaler seg godt til andre kulturutrykk som standup, revy og lignende. Vi leier ogs\u00e5 ut lokalene v\u00e5re til konferanser, bedriftsarrangement og fester. Ta kontakt s\u00e5 hjelper vi deg videre!<\/strong><\/p>\n<p><b>V\u00e5re lokaler<br \/>\n<\/b>\u00d8nsker du \u00e5 h\u00f8re mer om pris og mulighetene for \u00e5 legge ditt arrangement til Folken? Ta kontakt med <a href=\"mailto:kontakt@folken.no\">kontakt@folken.no<\/a> eller 5156 4444. For konserter og kulturarrangement: <a href=\"mailto:booking@folken.no\">booking@folken.no<\/a>.<\/p>\n<p><b>Storsalen<span class=\"Apple-converted-space\"><br \/>\n<\/span><\/b>Storsalen er salen v\u00e5r i 2. etasje.<br \/>\nKapasitet: Fest: 400 \/ Bord og stoler: 150 \/ Stolrader: 200<span class=\"Apple-converted-space\">\u00a0<\/span><\/p>\n<p><b>Grottene<br \/>\n<\/b>Grottene er kjellerlokalet v\u00e5rt med egen inngang fra bakg\u00e5rden.<br \/>\nKapasitet: Fest: 180 \/ Bord og stoler: 40 \/ Stolrader: 60<\/p>\n<p><b>Akvariet<br \/>\n<\/b>Akvariet er baren v\u00e5r ved hovedinngangen. Her har vi \u00e5pent mandag-l\u00f8rdag fra 18:00. Lokalet har en liten scene.<span class=\"Apple-converted-space\"><br \/>\n<\/span>Kapasitet: Fest: 100 \/ Bord og stoler 50 \/ Stolrader: 30<\/p>\n","protected":false},"excerpt":{"rendered":"<p>Leie Folken? Folken er f\u00f8rst og fremst studentenes kulturhus og byens beste konsertscene for rytmisk musikk. I tillegg egner v\u00e5re lokaler seg godt til andre kulturutrykk som standup, revy og lignende. Vi leier ogs\u00e5 ut lokalene v\u00e5re til konferanser, bedriftsarrangement og fester. Ta kontakt s\u00e5 hjelper vi deg videre! V\u00e5re lokaler \u00d8nsker du \u00e5 h\u00f8re [&hellip;]<\/p>\n","protected":false},"author":1,"featured_media":0,"parent":209,"menu_order":22,"comment_status":"closed","ping_status":"closed","template":"","meta":{"footnotes":""},"categories":[],"class_list":["post-1092","page","type-page","status-publish","hentry"],"yoast_head":"<!-- This site is optimized with the Yoast SEO plugin v27.1.1 - https:\/\/yoast.com\/product\/yoast-seo-wordpress\/ -->\n<title>Utleie &#8211; Folken<\/title>\n<meta name=\"robots\" content=\"index, follow, max-snippet:-1, max-image-preview:large, max-video-preview:-1\" \/>\n<link rel=\"canonical\" href=\"https:\/\/www.folken.no\/folken\/om-folken\/utleie\/\" \/>\n<meta property=\"og:locale\" content=\"en_US\" \/>\n<meta property=\"og:type\" content=\"article\" \/>\n<meta property=\"og:title\" content=\"Utleie &#8211; Folken\" \/>\n<meta property=\"og:description\" content=\"Leie Folken? Folken er f\u00f8rst og fremst studentenes kulturhus og byens beste konsertscene for rytmisk musikk. I tillegg egner v\u00e5re lokaler seg godt til andre kulturutrykk som standup, revy og lignende. Vi leier ogs\u00e5 ut lokalene v\u00e5re til konferanser, bedriftsarrangement og fester. Ta kontakt s\u00e5 hjelper vi deg videre! V\u00e5re lokaler \u00d8nsker du \u00e5 h\u00f8re [&hellip;]\" \/>\n<meta property=\"og:url\" content=\"https:\/\/www.folken.no\/folken\/om-folken\/utleie\/\" \/>\n<meta property=\"og:site_name\" content=\"Folken\" \/>\n<meta property=\"article:publisher\" content=\"https:\/\/www.facebook.com\/Folken1988\/\" \/>\n<meta property=\"article:modified_time\" content=\"2025-04-02T11:44:16+00:00\" \/>\n<meta property=\"og:image\" content=\"https:\/\/www.folken.no\/folken\/wp-content\/uploads\/2025\/09\/folken.jpg\" \/>\n\t<meta property=\"og:image:width\" content=\"1200\" \/>\n\t<meta property=\"og:image:height\" content=\"675\" \/>\n\t<meta property=\"og:image:type\" content=\"image\/jpeg\" \/>\n<meta name=\"twitter:card\" content=\"summary_large_image\" \/>\n<meta name=\"twitter:label1\" content=\"Est. reading time\" \/>\n\t<meta name=\"twitter:data1\" content=\"1 minute\" \/>\n<script type=\"application\/ld+json\" class=\"yoast-schema-graph\">{\"@context\":\"https:\/\/schema.org\",\"@graph\":[{\"@type\":\"WebPage\",\"@id\":\"https:\/\/www.folken.no\/folken\/om-folken\/utleie\/\",\"url\":\"https:\/\/www.folken.no\/folken\/om-folken\/utleie\/\",\"name\":\"Utleie &#8211; Folken\",\"isPartOf\":{\"@id\":\"https:\/\/www.folken.no\/folken\/#website\"},\"datePublished\":\"2013-10-08T10:01:02+00:00\",\"dateModified\":\"2025-04-02T11:44:16+00:00\",\"breadcrumb\":{\"@id\":\"https:\/\/www.folken.no\/folken\/om-folken\/utleie\/#breadcrumb\"},\"inLanguage\":\"en-US\",\"potentialAction\":[{\"@type\":\"ReadAction\",\"target\":[\"https:\/\/www.folken.no\/folken\/om-folken\/utleie\/\"]}]},{\"@type\":\"BreadcrumbList\",\"@id\":\"https:\/\/www.folken.no\/folken\/om-folken\/utleie\/#breadcrumb\",\"itemListElement\":[{\"@type\":\"ListItem\",\"position\":1,\"name\":\"Home\",\"item\":\"https:\/\/www.folken.no\/folken\/\"},{\"@type\":\"ListItem\",\"position\":2,\"name\":\"Om Folken\",\"item\":\"https:\/\/www.folken.no\/folken\/om-folken\/\"},{\"@type\":\"ListItem\",\"position\":3,\"name\":\"Utleie\"}]},{\"@type\":\"WebSite\",\"@id\":\"https:\/\/www.folken.no\/folken\/#website\",\"url\":\"https:\/\/www.folken.no\/folken\/\",\"name\":\"Folken\",\"description\":\"\",\"publisher\":{\"@id\":\"https:\/\/www.folken.no\/folken\/#organization\"},\"potentialAction\":[{\"@type\":\"SearchAction\",\"target\":{\"@type\":\"EntryPoint\",\"urlTemplate\":\"https:\/\/www.folken.no\/folken\/?s={search_term_string}\"},\"query-input\":{\"@type\":\"PropertyValueSpecification\",\"valueRequired\":true,\"valueName\":\"search_term_string\"}}],\"inLanguage\":\"en-US\"},{\"@type\":\"Organization\",\"@id\":\"https:\/\/www.folken.no\/folken\/#organization\",\"name\":\"Folken\",\"url\":\"https:\/\/www.folken.no\/folken\/\",\"logo\":{\"@type\":\"ImageObject\",\"inLanguage\":\"en-US\",\"@id\":\"https:\/\/www.folken.no\/folken\/#\/schema\/logo\/image\/\",\"url\":\"https:\/\/www.folken.no\/folken\/wp-content\/uploads\/2025\/09\/logo.jpg\",\"contentUrl\":\"https:\/\/www.folken.no\/folken\/wp-content\/uploads\/2025\/09\/logo.jpg\",\"width\":1080,\"height\":1080,\"caption\":\"Folken\"},\"image\":{\"@id\":\"https:\/\/www.folken.no\/folken\/#\/schema\/logo\/image\/\"},\"sameAs\":[\"https:\/\/www.facebook.com\/Folken1988\/\",\"https:\/\/www.instagram.com\/folken1988\/\"]}]}<\/script>\n<!-- \/ Yoast SEO plugin. -->","yoast_head_json":{"title":"Utleie &#8211; Folken","robots":{"index":"index","follow":"follow","max-snippet":"max-snippet:-1","max-image-preview":"max-image-preview:large","max-video-preview":"max-video-preview:-1"},"canonical":"https:\/\/www.folken.no\/folken\/om-folken\/utleie\/","og_locale":"en_US","og_type":"article","og_title":"Utleie &#8211; Folken","og_description":"Leie Folken? Folken er f\u00f8rst og fremst studentenes kulturhus og byens beste konsertscene for rytmisk musikk. I tillegg egner v\u00e5re lokaler seg godt til andre kulturutrykk som standup, revy og lignende. Vi leier ogs\u00e5 ut lokalene v\u00e5re til konferanser, bedriftsarrangement og fester. Ta kontakt s\u00e5 hjelper vi deg videre! V\u00e5re lokaler \u00d8nsker du \u00e5 h\u00f8re [&hellip;]","og_url":"https:\/\/www.folken.no\/folken\/om-folken\/utleie\/","og_site_name":"Folken","article_publisher":"https:\/\/www.facebook.com\/Folken1988\/","article_modified_time":"2025-04-02T11:44:16+00:00","og_image":[{"width":1200,"height":675,"url":"https:\/\/www.folken.no\/folken\/wp-content\/uploads\/2025\/09\/folken.jpg","type":"image\/jpeg"}],"twitter_card":"summary_large_image","twitter_misc":{"Est. reading time":"1 minute"},"schema":{"@context":"https:\/\/schema.org","@graph":[{"@type":"WebPage","@id":"https:\/\/www.folken.no\/folken\/om-folken\/utleie\/","url":"https:\/\/www.folken.no\/folken\/om-folken\/utleie\/","name":"Utleie &#8211; Folken","isPartOf":{"@id":"https:\/\/www.folken.no\/folken\/#website"},"datePublished":"2013-10-08T10:01:02+00:00","dateModified":"2025-04-02T11:44:16+00:00","breadcrumb":{"@id":"https:\/\/www.folken.no\/folken\/om-folken\/utleie\/#breadcrumb"},"inLanguage":"en-US","potentialAction":[{"@type":"ReadAction","target":["https:\/\/www.folken.no\/folken\/om-folken\/utleie\/"]}]},{"@type":"BreadcrumbList","@id":"https:\/\/www.folken.no\/folken\/om-folken\/utleie\/#breadcrumb","itemListElement":[{"@type":"ListItem","position":1,"name":"Home","item":"https:\/\/www.folken.no\/folken\/"},{"@type":"ListItem","position":2,"name":"Om Folken","item":"https:\/\/www.folken.no\/folken\/om-folken\/"},{"@type":"ListItem","position":3,"name":"Utleie"}]},{"@type":"WebSite","@id":"https:\/\/www.folken.no\/folken\/#website","url":"https:\/\/www.folken.no\/folken\/","name":"Folken","description":"","publisher":{"@id":"https:\/\/www.folken.no\/folken\/#organization"},"potentialAction":[{"@type":"SearchAction","target":{"@type":"EntryPoint","urlTemplate":"https:\/\/www.folken.no\/folken\/?s={search_term_string}"},"query-input":{"@type":"PropertyValueSpecification","valueRequired":true,"valueName":"search_term_string"}}],"inLanguage":"en-US"},{"@type":"Organization","@id":"https:\/\/www.folken.no\/folken\/#organization","name":"Folken","url":"https:\/\/www.folken.no\/folken\/","logo":{"@type":"ImageObject","inLanguage":"en-US","@id":"https:\/\/www.folken.no\/folken\/#\/schema\/logo\/image\/","url":"https:\/\/www.folken.no\/folken\/wp-content\/uploads\/2025\/09\/logo.jpg","contentUrl":"https:\/\/www.folken.no\/folken\/wp-content\/uploads\/2025\/09\/logo.jpg","width":1080,"height":1080,"caption":"Folken"},"image":{"@id":"https:\/\/www.folken.no\/folken\/#\/schema\/logo\/image\/"},"sameAs":["https:\/\/www.facebook.com\/Folken1988\/","https:\/\/www.instagram.com\/folken1988\/"]}]}},"_links":{"self":[{"href":"https:\/\/www.folken.no\/folken\/wp-json\/wp\/v2\/pages\/1092","targetHints":{"allow":["GET"]}}],"collection":[{"href":"https:\/\/www.folken.no\/folken\/wp-json\/wp\/v2\/pages"}],"about":[{"href":"https:\/\/www.folken.no\/folken\/wp-json\/wp\/v2\/types\/page"}],"author":[{"embeddable":true,"href":"https:\/\/www.folken.no\/folken\/wp-json\/wp\/v2\/users\/1"}],"replies":[{"embeddable":true,"href":"https:\/\/www.folken.no\/folken\/wp-json\/wp\/v2\/comments?post=1092"}],"version-history":[{"count":30,"href":"https:\/\/www.folken.no\/folken\/wp-json\/wp\/v2\/pages\/1092\/revisions"}],"predecessor-version":[{"id":9315,"href":"https:\/\/www.folken.no\/folken\/wp-json\/wp\/v2\/pages\/1092\/revisions\/9315"}],"up":[{"embeddable":true,"href":"https:\/\/www.folken.no\/folken\/wp-json\/wp\/v2\/pages\/209"}],"wp:attachment":[{"href":"https:\/\/www.folken.no\/folken\/wp-json\/wp\/v2\/media?parent=1092"}],"wp:term":[{"taxonomy":"category","embeddable":true,"href":"https:\/\/www.folken.no\/folken\/wp-json\/wp\/v2\/categories?post=1092"}],"curies":[{"name":"wp","href":"https:\/\/api.w.org\/{rel}","templated":true}]}}