{"id":1446,"date":"2013-11-12T13:59:19","date_gmt":"2013-11-12T13:59:19","guid":{"rendered":"http:\/\/www.folken.no\/folken\/?page_id=1446"},"modified":"2025-10-22T22:35:41","modified_gmt":"2025-10-22T20:35:41","slug":"bli-frivillig","status":"publish","type":"page","link":"https:\/\/www.folken.no\/folken\/om-folken\/bli-frivillig\/","title":{"rendered":"Bli frivillig"},"content":{"rendered":"<p><a href=\"https:\/\/www.folken.no\/folken\/english\/volunteer\/\">Info in English<\/a><\/p>\n<h2>Uten v\u00e5re fantastiske frivillige hadde det ikke v\u00e6rt mulig \u00e5 drive Folken!<\/h2>\n<p><strong>Det er frivillige som tar imot billetten din og stempler deg i d\u00f8ren. Det er frivillige som st\u00e5r i baren i salen, n\u00e5r musikken spiller. Det er frivillige som hjelper til med arrangementsteknikken \u2013 lyd og lys \u2013 og som tar seg av artistene n\u00e5r de er p\u00e5 bes\u00f8k. Fotogjengen dokumenterer det som skjer p\u00e5 byens beste kulturhus!<\/strong><\/p>\n<p>Vi krever bare 2 jobbkvelder og 1 m\u00f8tekveld i m\u00e5neden av deg. Til gjengjeld f\u00e5r du gjestelisteplasser p\u00e5 alle arrangementer, internpriser i baren og det sosiale samholdet som Folken gir. Du kommer til \u00e5 gj\u00f8re deg erfaringer med det \u00e5 jobbe i team og m\u00f8te mange forskellige mennesker! Grunnene til \u00e5 bli frivillig p\u00e5 Folken er mange, men det sosiale samholdet er kanskje den viktigste.<\/p>\n<p>Du trenger ingen tidligere erfaring for \u00e5 bli med som frivillig.<\/p>\n<p><strong>Har du lyst \u00e5 h\u00f8re mer, ta kontakt med oss p\u00e5 <a href=\"mailto:blimed@folken.no\">blimed@folken.no<\/a> eller telefon 51564444. Har du allerede bestemt at du vil bli med, g\u00e5r du direkte til <a href=\"https:\/\/bit.ly\/3Pen7GX\">p\u00e5meldingen<\/a>, s\u00e5 tar vi kontakt med deg. <\/strong><\/p>\n<p><b>Om gruppene:<\/b><\/p>\n<p><b>Vertskap<\/b><br \/>\nDu har som oppgave \u00e5 sjekke billetter, st\u00e5 i bar, streife i lokalet, rydde glass og f\u00e5 husets gjester til \u00e5 f\u00f8le seg velkomne. Dette er perfekt for deg som vil starte enkelt og rett p\u00e5 sak! \u00c5 v\u00e6re en del av vertskapet er en sosial jobb der du f\u00e5r hjelp av dine medverter. I denne stillingen l\u00e6rer du t\u00e5lmodighet, kundeservice og \u00e5 jobbe i team \u2013 av og til med h\u00f8yt tempo. G\u00e5r du gradene i gruppen kan du velge \u00e5 bli artistvert eller husvert ogs\u00e5.<\/p>\n<p><b>Lyd- og Lys (LOL)<\/b><br \/>\nSom en del av lyd- og lysgruppen p\u00e5 Folken bidrar du til den tekniske biten av arrangementgjennomf\u00f8ringen. Denne gruppen har v\u00e6rt starten for mange profesjonelle lyd- og lysteknikere i Stavanger (og Norge). Du trenger ingen forkunnskaper, men kan ta del i kurs og f\u00e5 erfaring som etterhvert vil gi deg mulighet til \u00e5 jobbe selvstendig med mer ansvar.<\/p>\n<p>I tillegg har vi frivillige som tar bilder av arrangementene og frivillige som er quizmastere p\u00e5 den popul\u00e6re tirsdagsquizen. Du kan v\u00e6re med i alle grupper samtidig hvis du \u00f8nsker det.<\/p>\n<p>Vi sees p\u00e5 Folken!<\/p>\n","protected":false},"excerpt":{"rendered":"<p>Info in English Uten v\u00e5re fantastiske frivillige hadde det ikke v\u00e6rt mulig \u00e5 drive Folken! Det er frivillige som tar imot billetten din og stempler deg i d\u00f8ren. Det er frivillige som st\u00e5r i baren i salen, n\u00e5r musikken spiller. Det er frivillige som hjelper til med arrangementsteknikken \u2013 lyd og lys \u2013 og som [&hellip;]<\/p>\n","protected":false},"author":1,"featured_media":0,"parent":209,"menu_order":5,"comment_status":"closed","ping_status":"closed","template":"","meta":{"footnotes":""},"categories":[],"class_list":["post-1446","page","type-page","status-publish","hentry"],"yoast_head":"<!-- This site is optimized with the Yoast SEO plugin v27.1.1 - https:\/\/yoast.com\/product\/yoast-seo-wordpress\/ -->\n<title>Bli frivillig &#8211; Folken<\/title>\n<meta name=\"robots\" content=\"index, follow, max-snippet:-1, max-image-preview:large, max-video-preview:-1\" \/>\n<link rel=\"canonical\" href=\"https:\/\/www.folken.no\/folken\/om-folken\/bli-frivillig\/\" \/>\n<meta property=\"og:locale\" content=\"en_US\" \/>\n<meta property=\"og:type\" content=\"article\" \/>\n<meta property=\"og:title\" content=\"Bli frivillig &#8211; Folken\" \/>\n<meta property=\"og:description\" content=\"Info in English Uten v\u00e5re fantastiske frivillige hadde det ikke v\u00e6rt mulig \u00e5 drive Folken! Det er frivillige som tar imot billetten din og stempler deg i d\u00f8ren. Det er frivillige som st\u00e5r i baren i salen, n\u00e5r musikken spiller. Det er frivillige som hjelper til med arrangementsteknikken \u2013 lyd og lys \u2013 og som [&hellip;]\" \/>\n<meta property=\"og:url\" content=\"https:\/\/www.folken.no\/folken\/om-folken\/bli-frivillig\/\" \/>\n<meta property=\"og:site_name\" content=\"Folken\" \/>\n<meta property=\"article:publisher\" content=\"https:\/\/www.facebook.com\/Folken1988\/\" \/>\n<meta property=\"article:modified_time\" content=\"2025-10-22T20:35:41+00:00\" \/>\n<meta property=\"og:image\" content=\"https:\/\/www.folken.no\/folken\/wp-content\/uploads\/2025\/09\/folken.jpg\" \/>\n\t<meta property=\"og:image:width\" content=\"1200\" \/>\n\t<meta property=\"og:image:height\" content=\"675\" \/>\n\t<meta property=\"og:image:type\" content=\"image\/jpeg\" \/>\n<meta name=\"twitter:card\" content=\"summary_large_image\" \/>\n<meta name=\"twitter:label1\" content=\"Est. reading time\" \/>\n\t<meta name=\"twitter:data1\" content=\"2 minutes\" \/>\n<script type=\"application\/ld+json\" class=\"yoast-schema-graph\">{\"@context\":\"https:\/\/schema.org\",\"@graph\":[{\"@type\":\"WebPage\",\"@id\":\"https:\/\/www.folken.no\/folken\/om-folken\/bli-frivillig\/\",\"url\":\"https:\/\/www.folken.no\/folken\/om-folken\/bli-frivillig\/\",\"name\":\"Bli frivillig &#8211; Folken\",\"isPartOf\":{\"@id\":\"https:\/\/www.folken.no\/folken\/#website\"},\"datePublished\":\"2013-11-12T13:59:19+00:00\",\"dateModified\":\"2025-10-22T20:35:41+00:00\",\"breadcrumb\":{\"@id\":\"https:\/\/www.folken.no\/folken\/om-folken\/bli-frivillig\/#breadcrumb\"},\"inLanguage\":\"en-US\",\"potentialAction\":[{\"@type\":\"ReadAction\",\"target\":[\"https:\/\/www.folken.no\/folken\/om-folken\/bli-frivillig\/\"]}]},{\"@type\":\"BreadcrumbList\",\"@id\":\"https:\/\/www.folken.no\/folken\/om-folken\/bli-frivillig\/#breadcrumb\",\"itemListElement\":[{\"@type\":\"ListItem\",\"position\":1,\"name\":\"Home\",\"item\":\"https:\/\/www.folken.no\/folken\/\"},{\"@type\":\"ListItem\",\"position\":2,\"name\":\"Om Folken\",\"item\":\"https:\/\/www.folken.no\/folken\/om-folken\/\"},{\"@type\":\"ListItem\",\"position\":3,\"name\":\"Bli frivillig\"}]},{\"@type\":\"WebSite\",\"@id\":\"https:\/\/www.folken.no\/folken\/#website\",\"url\":\"https:\/\/www.folken.no\/folken\/\",\"name\":\"Folken\",\"description\":\"\",\"publisher\":{\"@id\":\"https:\/\/www.folken.no\/folken\/#organization\"},\"potentialAction\":[{\"@type\":\"SearchAction\",\"target\":{\"@type\":\"EntryPoint\",\"urlTemplate\":\"https:\/\/www.folken.no\/folken\/?s={search_term_string}\"},\"query-input\":{\"@type\":\"PropertyValueSpecification\",\"valueRequired\":true,\"valueName\":\"search_term_string\"}}],\"inLanguage\":\"en-US\"},{\"@type\":\"Organization\",\"@id\":\"https:\/\/www.folken.no\/folken\/#organization\",\"name\":\"Folken\",\"url\":\"https:\/\/www.folken.no\/folken\/\",\"logo\":{\"@type\":\"ImageObject\",\"inLanguage\":\"en-US\",\"@id\":\"https:\/\/www.folken.no\/folken\/#\/schema\/logo\/image\/\",\"url\":\"https:\/\/www.folken.no\/folken\/wp-content\/uploads\/2025\/09\/logo.jpg\",\"contentUrl\":\"https:\/\/www.folken.no\/folken\/wp-content\/uploads\/2025\/09\/logo.jpg\",\"width\":1080,\"height\":1080,\"caption\":\"Folken\"},\"image\":{\"@id\":\"https:\/\/www.folken.no\/folken\/#\/schema\/logo\/image\/\"},\"sameAs\":[\"https:\/\/www.facebook.com\/Folken1988\/\",\"https:\/\/www.instagram.com\/folken1988\/\"]}]}<\/script>\n<!-- \/ Yoast SEO plugin. -->","yoast_head_json":{"title":"Bli frivillig &#8211; Folken","robots":{"index":"index","follow":"follow","max-snippet":"max-snippet:-1","max-image-preview":"max-image-preview:large","max-video-preview":"max-video-preview:-1"},"canonical":"https:\/\/www.folken.no\/folken\/om-folken\/bli-frivillig\/","og_locale":"en_US","og_type":"article","og_title":"Bli frivillig &#8211; Folken","og_description":"Info in English Uten v\u00e5re fantastiske frivillige hadde det ikke v\u00e6rt mulig \u00e5 drive Folken! Det er frivillige som tar imot billetten din og stempler deg i d\u00f8ren. Det er frivillige som st\u00e5r i baren i salen, n\u00e5r musikken spiller. Det er frivillige som hjelper til med arrangementsteknikken \u2013 lyd og lys \u2013 og som [&hellip;]","og_url":"https:\/\/www.folken.no\/folken\/om-folken\/bli-frivillig\/","og_site_name":"Folken","article_publisher":"https:\/\/www.facebook.com\/Folken1988\/","article_modified_time":"2025-10-22T20:35:41+00:00","og_image":[{"width":1200,"height":675,"url":"https:\/\/www.folken.no\/folken\/wp-content\/uploads\/2025\/09\/folken.jpg","type":"image\/jpeg"}],"twitter_card":"summary_large_image","twitter_misc":{"Est. reading time":"2 minutes"},"schema":{"@context":"https:\/\/schema.org","@graph":[{"@type":"WebPage","@id":"https:\/\/www.folken.no\/folken\/om-folken\/bli-frivillig\/","url":"https:\/\/www.folken.no\/folken\/om-folken\/bli-frivillig\/","name":"Bli frivillig &#8211; Folken","isPartOf":{"@id":"https:\/\/www.folken.no\/folken\/#website"},"datePublished":"2013-11-12T13:59:19+00:00","dateModified":"2025-10-22T20:35:41+00:00","breadcrumb":{"@id":"https:\/\/www.folken.no\/folken\/om-folken\/bli-frivillig\/#breadcrumb"},"inLanguage":"en-US","potentialAction":[{"@type":"ReadAction","target":["https:\/\/www.folken.no\/folken\/om-folken\/bli-frivillig\/"]}]},{"@type":"BreadcrumbList","@id":"https:\/\/www.folken.no\/folken\/om-folken\/bli-frivillig\/#breadcrumb","itemListElement":[{"@type":"ListItem","position":1,"name":"Home","item":"https:\/\/www.folken.no\/folken\/"},{"@type":"ListItem","position":2,"name":"Om Folken","item":"https:\/\/www.folken.no\/folken\/om-folken\/"},{"@type":"ListItem","position":3,"name":"Bli frivillig"}]},{"@type":"WebSite","@id":"https:\/\/www.folken.no\/folken\/#website","url":"https:\/\/www.folken.no\/folken\/","name":"Folken","description":"","publisher":{"@id":"https:\/\/www.folken.no\/folken\/#organization"},"potentialAction":[{"@type":"SearchAction","target":{"@type":"EntryPoint","urlTemplate":"https:\/\/www.folken.no\/folken\/?s={search_term_string}"},"query-input":{"@type":"PropertyValueSpecification","valueRequired":true,"valueName":"search_term_string"}}],"inLanguage":"en-US"},{"@type":"Organization","@id":"https:\/\/www.folken.no\/folken\/#organization","name":"Folken","url":"https:\/\/www.folken.no\/folken\/","logo":{"@type":"ImageObject","inLanguage":"en-US","@id":"https:\/\/www.folken.no\/folken\/#\/schema\/logo\/image\/","url":"https:\/\/www.folken.no\/folken\/wp-content\/uploads\/2025\/09\/logo.jpg","contentUrl":"https:\/\/www.folken.no\/folken\/wp-content\/uploads\/2025\/09\/logo.jpg","width":1080,"height":1080,"caption":"Folken"},"image":{"@id":"https:\/\/www.folken.no\/folken\/#\/schema\/logo\/image\/"},"sameAs":["https:\/\/www.facebook.com\/Folken1988\/","https:\/\/www.instagram.com\/folken1988\/"]}]}},"_links":{"self":[{"href":"https:\/\/www.folken.no\/folken\/wp-json\/wp\/v2\/pages\/1446","targetHints":{"allow":["GET"]}}],"collection":[{"href":"https:\/\/www.folken.no\/folken\/wp-json\/wp\/v2\/pages"}],"about":[{"href":"https:\/\/www.folken.no\/folken\/wp-json\/wp\/v2\/types\/page"}],"author":[{"embeddable":true,"href":"https:\/\/www.folken.no\/folken\/wp-json\/wp\/v2\/users\/1"}],"replies":[{"embeddable":true,"href":"https:\/\/www.folken.no\/folken\/wp-json\/wp\/v2\/comments?post=1446"}],"version-history":[{"count":25,"href":"https:\/\/www.folken.no\/folken\/wp-json\/wp\/v2\/pages\/1446\/revisions"}],"predecessor-version":[{"id":9313,"href":"https:\/\/www.folken.no\/folken\/wp-json\/wp\/v2\/pages\/1446\/revisions\/9313"}],"up":[{"embeddable":true,"href":"https:\/\/www.folken.no\/folken\/wp-json\/wp\/v2\/pages\/209"}],"wp:attachment":[{"href":"https:\/\/www.folken.no\/folken\/wp-json\/wp\/v2\/media?parent=1446"}],"wp:term":[{"taxonomy":"category","embeddable":true,"href":"https:\/\/www.folken.no\/folken\/wp-json\/wp\/v2\/categories?post=1446"}],"curies":[{"name":"wp","href":"https:\/\/api.w.org\/{rel}","templated":true}]}}