{"id":205,"date":"2013-06-11T19:08:04","date_gmt":"2013-06-11T19:08:04","guid":{"rendered":"http:\/\/www.folken.no\/folken\/?page_id=205"},"modified":"2026-02-20T13:25:26","modified_gmt":"2026-02-20T12:25:26","slug":"faq","status":"publish","type":"page","link":"https:\/\/www.folken.no\/folken\/om-folken\/faq\/","title":{"rendered":"FAQ"},"content":{"rendered":"<h2><strong>Ofte stilte sp\u00f8rsm\u00e5l<\/strong><\/h2>\n<p><b>N\u00e5r starter konserten?<\/b><br \/>\nTidene for n\u00e5r d\u00f8rene \u00e5pner og n\u00e5r arrangementet starter st\u00e5r p\u00e5 billetten og i programmet p\u00e5 Folken.no. Akvariet, baren i f\u00f8rste etasje, er \u00e5pent mandag til l\u00f8rdag fra kl 18.00. Er du fortsatt i tvil, kan du kontakte oss.<span class=\"Apple-converted-space\">\u00a0<\/span><\/p>\n<p><strong>Hva er aldersgrensen?<br \/>\n<\/strong>Dersom annet ikke er opplyst p\u00e5 programsidene har alle konserter og arrangement p\u00e5 Folken 18 \u00e5rs aldersgrense med legitimasjonsplikt i d\u00f8ren. Bes\u00f8kende m\u00e5 vise gyldig legitimasjon &#8211; pass, nasjonalt ID-kort eller f\u00f8rerkort. Er du under 18 \u00e5r? <a href=\"https:\/\/www.folken.no\/folken\/om-folken\/vergeordningen\/\">Sjekk vergeordningen<\/a>.<\/p>\n<p><em>Merk at ordningen med <a href=\"https:\/\/bankid.no\/id-paa-mobilen\">ID p\u00e5 mobilen<\/a> inntil videre er en fors\u00f8ksordning som per idag (august 2025) kun gjelder utvalgte steder og ikke p\u00e5 Folken.<\/em><\/p>\n<p><b>Hvor mange folk er der plass til p\u00e5 Folken?<br \/>\n<\/b>Publikumskapasitet er 650 i Storsalen, 150 p\u00e5 konserter i Grottene og ca 100 i Akvariet.<\/p>\n<p><b>Har dere garderobe?<\/b><br \/>\nDessverre har vi ikke fast garderobe p\u00e5 Folken.<\/p>\n<p><b>Jeg glemte noe p\u00e5 Folken.<\/b><br \/>\nHenvend deg til bartenderen p\u00e5 jobb i v\u00e5re ordin\u00e6re \u00e5pningstider eller send e-post til <a href=\"mailto:gjenglemt@folken.no\">gjenglemt@folken.no<\/a>.<\/p>\n<p><b>Ledsagerbevis?<\/b><br \/>\nFolken aksepterer ledsagerbevis. Kortinnehaver m\u00e5 l\u00f8se billett, og \u00e9n ledsager kan v\u00e6re gratis f\u00f8lge. Ledsagerkort m\u00e5 forevises ved adgang til konserten.<\/p>\n<p><b>Studentrabatt<\/b><br \/>\nStudentrabatt gjelder for:<span class=\"Apple-converted-space\"><br \/>\n<\/span><i>*Studenter ved offentlig eller privat h\u00f8gskole\/universitet<br \/>\n<\/i><i>*Politih\u00f8gskolen<br \/>\n<\/i><i>*Befalskole<br \/>\n<\/i><i>*Videreg\u00e5ende skole<span class=\"Apple-converted-space\"><br \/>\n<\/span><\/i><i>*Utenlandske studentbevis fra universitet eller h\u00f8gskole<br \/>\n*L\u00e6rlinger<\/i><\/p>\n<p><strong>M\u00e5 jeg g\u00e5 hjem rett etter konserten?<br \/>\n<\/strong>Nei, du b\u00f8r ta det litt med ro og henge litt i Akvariet etter konserten og snakke med andre gjester om opplevelsen.<\/p>\n<p><strong>Do you speak English?<\/strong><br \/>\nYes, we do. Click <a href=\"https:\/\/www.folken.no\/folken\/english\/\">here<\/a>.<\/p>\n","protected":false},"excerpt":{"rendered":"<p>Ofte stilte sp\u00f8rsm\u00e5l N\u00e5r starter konserten? Tidene for n\u00e5r d\u00f8rene \u00e5pner og n\u00e5r arrangementet starter st\u00e5r p\u00e5 billetten og i programmet p\u00e5 Folken.no. Akvariet, baren i f\u00f8rste etasje, er \u00e5pent mandag til l\u00f8rdag fra kl 18.00. Er du fortsatt i tvil, kan du kontakte oss.\u00a0 Hva er aldersgrensen? Dersom annet ikke er opplyst p\u00e5 programsidene [&hellip;]<\/p>\n","protected":false},"author":1,"featured_media":0,"parent":209,"menu_order":4,"comment_status":"closed","ping_status":"closed","template":"","meta":{"footnotes":""},"categories":[],"class_list":["post-205","page","type-page","status-publish","hentry"],"yoast_head":"<!-- This site is optimized with the Yoast SEO plugin v27.1.1 - https:\/\/yoast.com\/product\/yoast-seo-wordpress\/ -->\n<title>FAQ &#8211; Folken<\/title>\n<meta name=\"description\" content=\"Ofte stilte sp\u00f8rsm\u00e5l. N\u00e5r starter konserten. Jeg glemte noe... Do you speak English? O.s.v. F\u00e5r du ikke svar her, m\u00e5 du ringe oss.\" \/>\n<meta name=\"robots\" content=\"index, follow, max-snippet:-1, max-image-preview:large, max-video-preview:-1\" \/>\n<link rel=\"canonical\" href=\"https:\/\/www.folken.no\/folken\/om-folken\/faq\/\" \/>\n<meta property=\"og:locale\" content=\"en_US\" \/>\n<meta property=\"og:type\" content=\"article\" \/>\n<meta property=\"og:title\" content=\"FAQ &#8211; Folken\" \/>\n<meta property=\"og:description\" content=\"Ofte stilte sp\u00f8rsm\u00e5l. N\u00e5r starter konserten. Jeg glemte noe... Do you speak English? O.s.v. F\u00e5r du ikke svar her, m\u00e5 du ringe oss.\" \/>\n<meta property=\"og:url\" content=\"https:\/\/www.folken.no\/folken\/om-folken\/faq\/\" \/>\n<meta property=\"og:site_name\" content=\"Folken\" \/>\n<meta property=\"article:publisher\" content=\"https:\/\/www.facebook.com\/Folken1988\/\" \/>\n<meta property=\"article:modified_time\" content=\"2026-02-20T12:25:26+00:00\" \/>\n<meta property=\"og:image\" content=\"https:\/\/www.folken.no\/folken\/wp-content\/uploads\/2025\/09\/folken.jpg\" \/>\n\t<meta property=\"og:image:width\" content=\"1200\" \/>\n\t<meta property=\"og:image:height\" content=\"675\" \/>\n\t<meta property=\"og:image:type\" content=\"image\/jpeg\" \/>\n<meta name=\"twitter:card\" content=\"summary_large_image\" \/>\n<meta name=\"twitter:label1\" content=\"Est. reading time\" \/>\n\t<meta name=\"twitter:data1\" content=\"2 minutes\" \/>\n<script type=\"application\/ld+json\" class=\"yoast-schema-graph\">{\"@context\":\"https:\/\/schema.org\",\"@graph\":[{\"@type\":\"WebPage\",\"@id\":\"https:\/\/www.folken.no\/folken\/om-folken\/faq\/\",\"url\":\"https:\/\/www.folken.no\/folken\/om-folken\/faq\/\",\"name\":\"FAQ &#8211; Folken\",\"isPartOf\":{\"@id\":\"https:\/\/www.folken.no\/folken\/#website\"},\"datePublished\":\"2013-06-11T19:08:04+00:00\",\"dateModified\":\"2026-02-20T12:25:26+00:00\",\"description\":\"Ofte stilte sp\u00f8rsm\u00e5l. N\u00e5r starter konserten. Jeg glemte noe... Do you speak English? O.s.v. F\u00e5r du ikke svar her, m\u00e5 du ringe oss.\",\"breadcrumb\":{\"@id\":\"https:\/\/www.folken.no\/folken\/om-folken\/faq\/#breadcrumb\"},\"inLanguage\":\"en-US\",\"potentialAction\":[{\"@type\":\"ReadAction\",\"target\":[\"https:\/\/www.folken.no\/folken\/om-folken\/faq\/\"]}]},{\"@type\":\"BreadcrumbList\",\"@id\":\"https:\/\/www.folken.no\/folken\/om-folken\/faq\/#breadcrumb\",\"itemListElement\":[{\"@type\":\"ListItem\",\"position\":1,\"name\":\"Home\",\"item\":\"https:\/\/www.folken.no\/folken\/\"},{\"@type\":\"ListItem\",\"position\":2,\"name\":\"Om Folken\",\"item\":\"https:\/\/www.folken.no\/folken\/om-folken\/\"},{\"@type\":\"ListItem\",\"position\":3,\"name\":\"FAQ\"}]},{\"@type\":\"WebSite\",\"@id\":\"https:\/\/www.folken.no\/folken\/#website\",\"url\":\"https:\/\/www.folken.no\/folken\/\",\"name\":\"Folken\",\"description\":\"\",\"publisher\":{\"@id\":\"https:\/\/www.folken.no\/folken\/#organization\"},\"potentialAction\":[{\"@type\":\"SearchAction\",\"target\":{\"@type\":\"EntryPoint\",\"urlTemplate\":\"https:\/\/www.folken.no\/folken\/?s={search_term_string}\"},\"query-input\":{\"@type\":\"PropertyValueSpecification\",\"valueRequired\":true,\"valueName\":\"search_term_string\"}}],\"inLanguage\":\"en-US\"},{\"@type\":\"Organization\",\"@id\":\"https:\/\/www.folken.no\/folken\/#organization\",\"name\":\"Folken\",\"url\":\"https:\/\/www.folken.no\/folken\/\",\"logo\":{\"@type\":\"ImageObject\",\"inLanguage\":\"en-US\",\"@id\":\"https:\/\/www.folken.no\/folken\/#\/schema\/logo\/image\/\",\"url\":\"https:\/\/www.folken.no\/folken\/wp-content\/uploads\/2025\/09\/logo.jpg\",\"contentUrl\":\"https:\/\/www.folken.no\/folken\/wp-content\/uploads\/2025\/09\/logo.jpg\",\"width\":1080,\"height\":1080,\"caption\":\"Folken\"},\"image\":{\"@id\":\"https:\/\/www.folken.no\/folken\/#\/schema\/logo\/image\/\"},\"sameAs\":[\"https:\/\/www.facebook.com\/Folken1988\/\",\"https:\/\/www.instagram.com\/folken1988\/\"]}]}<\/script>\n<!-- \/ Yoast SEO plugin. -->","yoast_head_json":{"title":"FAQ &#8211; Folken","description":"Ofte stilte sp\u00f8rsm\u00e5l. N\u00e5r starter konserten. Jeg glemte noe... Do you speak English? O.s.v. F\u00e5r du ikke svar her, m\u00e5 du ringe oss.","robots":{"index":"index","follow":"follow","max-snippet":"max-snippet:-1","max-image-preview":"max-image-preview:large","max-video-preview":"max-video-preview:-1"},"canonical":"https:\/\/www.folken.no\/folken\/om-folken\/faq\/","og_locale":"en_US","og_type":"article","og_title":"FAQ &#8211; Folken","og_description":"Ofte stilte sp\u00f8rsm\u00e5l. N\u00e5r starter konserten. Jeg glemte noe... Do you speak English? O.s.v. F\u00e5r du ikke svar her, m\u00e5 du ringe oss.","og_url":"https:\/\/www.folken.no\/folken\/om-folken\/faq\/","og_site_name":"Folken","article_publisher":"https:\/\/www.facebook.com\/Folken1988\/","article_modified_time":"2026-02-20T12:25:26+00:00","og_image":[{"width":1200,"height":675,"url":"https:\/\/www.folken.no\/folken\/wp-content\/uploads\/2025\/09\/folken.jpg","type":"image\/jpeg"}],"twitter_card":"summary_large_image","twitter_misc":{"Est. reading time":"2 minutes"},"schema":{"@context":"https:\/\/schema.org","@graph":[{"@type":"WebPage","@id":"https:\/\/www.folken.no\/folken\/om-folken\/faq\/","url":"https:\/\/www.folken.no\/folken\/om-folken\/faq\/","name":"FAQ &#8211; Folken","isPartOf":{"@id":"https:\/\/www.folken.no\/folken\/#website"},"datePublished":"2013-06-11T19:08:04+00:00","dateModified":"2026-02-20T12:25:26+00:00","description":"Ofte stilte sp\u00f8rsm\u00e5l. N\u00e5r starter konserten. Jeg glemte noe... Do you speak English? O.s.v. F\u00e5r du ikke svar her, m\u00e5 du ringe oss.","breadcrumb":{"@id":"https:\/\/www.folken.no\/folken\/om-folken\/faq\/#breadcrumb"},"inLanguage":"en-US","potentialAction":[{"@type":"ReadAction","target":["https:\/\/www.folken.no\/folken\/om-folken\/faq\/"]}]},{"@type":"BreadcrumbList","@id":"https:\/\/www.folken.no\/folken\/om-folken\/faq\/#breadcrumb","itemListElement":[{"@type":"ListItem","position":1,"name":"Home","item":"https:\/\/www.folken.no\/folken\/"},{"@type":"ListItem","position":2,"name":"Om Folken","item":"https:\/\/www.folken.no\/folken\/om-folken\/"},{"@type":"ListItem","position":3,"name":"FAQ"}]},{"@type":"WebSite","@id":"https:\/\/www.folken.no\/folken\/#website","url":"https:\/\/www.folken.no\/folken\/","name":"Folken","description":"","publisher":{"@id":"https:\/\/www.folken.no\/folken\/#organization"},"potentialAction":[{"@type":"SearchAction","target":{"@type":"EntryPoint","urlTemplate":"https:\/\/www.folken.no\/folken\/?s={search_term_string}"},"query-input":{"@type":"PropertyValueSpecification","valueRequired":true,"valueName":"search_term_string"}}],"inLanguage":"en-US"},{"@type":"Organization","@id":"https:\/\/www.folken.no\/folken\/#organization","name":"Folken","url":"https:\/\/www.folken.no\/folken\/","logo":{"@type":"ImageObject","inLanguage":"en-US","@id":"https:\/\/www.folken.no\/folken\/#\/schema\/logo\/image\/","url":"https:\/\/www.folken.no\/folken\/wp-content\/uploads\/2025\/09\/logo.jpg","contentUrl":"https:\/\/www.folken.no\/folken\/wp-content\/uploads\/2025\/09\/logo.jpg","width":1080,"height":1080,"caption":"Folken"},"image":{"@id":"https:\/\/www.folken.no\/folken\/#\/schema\/logo\/image\/"},"sameAs":["https:\/\/www.facebook.com\/Folken1988\/","https:\/\/www.instagram.com\/folken1988\/"]}]}},"_links":{"self":[{"href":"https:\/\/www.folken.no\/folken\/wp-json\/wp\/v2\/pages\/205","targetHints":{"allow":["GET"]}}],"collection":[{"href":"https:\/\/www.folken.no\/folken\/wp-json\/wp\/v2\/pages"}],"about":[{"href":"https:\/\/www.folken.no\/folken\/wp-json\/wp\/v2\/types\/page"}],"author":[{"embeddable":true,"href":"https:\/\/www.folken.no\/folken\/wp-json\/wp\/v2\/users\/1"}],"replies":[{"embeddable":true,"href":"https:\/\/www.folken.no\/folken\/wp-json\/wp\/v2\/comments?post=205"}],"version-history":[{"count":20,"href":"https:\/\/www.folken.no\/folken\/wp-json\/wp\/v2\/pages\/205\/revisions"}],"predecessor-version":[{"id":9529,"href":"https:\/\/www.folken.no\/folken\/wp-json\/wp\/v2\/pages\/205\/revisions\/9529"}],"up":[{"embeddable":true,"href":"https:\/\/www.folken.no\/folken\/wp-json\/wp\/v2\/pages\/209"}],"wp:attachment":[{"href":"https:\/\/www.folken.no\/folken\/wp-json\/wp\/v2\/media?parent=205"}],"wp:term":[{"taxonomy":"category","embeddable":true,"href":"https:\/\/www.folken.no\/folken\/wp-json\/wp\/v2\/categories?post=205"}],"curies":[{"name":"wp","href":"https:\/\/api.w.org\/{rel}","templated":true}]}}