{"id":236,"date":"2013-06-13T16:55:43","date_gmt":"2013-06-13T16:55:43","guid":{"rendered":"http:\/\/www.folken.no\/folken\/?page_id=236"},"modified":"2026-01-19T13:46:59","modified_gmt":"2026-01-19T12:46:59","slug":"for-studenter","status":"publish","type":"page","link":"https:\/\/www.folken.no\/folken\/om-folken\/for-studenter\/","title":{"rendered":"For studenter"},"content":{"rendered":"<h2>Folken er studentenes kulturhus i Stavanger. Har du lyst \u00e5 gj\u00f8re noe for dine medstudenter og byen?<\/h2>\n<h3><strong>Vi har alltid plass til flere folk b\u00e5de foran, bak og p\u00e5 scenen. Lyst \u00e5 arrangere debatter? Jobbe p\u00e5 konserter? Lyst p\u00e5 en bedre studiehverdag med kulturelle og sosiale innslag? Lyst \u00e5 oppleve Stavangers st\u00f8rste takh\u00f8yde? Ta kontakt med oss!<\/strong><\/h3>\n<p><b>Gratis leie av lokaler<br \/>\n<\/b>Du kan arrangere dine egne arrangementer med Folken som samarbeidspartner. For studenter, studentorganisasjoner og linjeforeninger er det gratis \u00e5 leie lokalene v\u00e5re til studentrelatert aktivitet og vi hjelper dere med det praktiske!<\/p>\n<p><b>Bli frivillig<br \/>\n<\/b>Du kan ogs\u00e5 bli med som frivillig. Les mer om frivilligheten p\u00e5 Folken <a href=\"https:\/\/www.folken.no\/folken\/om-folken\/bli-frivillig\/\">her<\/a>.<\/p>\n<p><b>Studentrabatt<\/b><br \/>\nSom Studentenes kulturhus gir vi selvsagt studentrabatter.<span class=\"Apple-converted-space\">\u00a0<\/span><\/p>\n<p>Studentrabatt gjelder for:<span class=\"Apple-converted-space\"><br \/>\n<\/span><i>*Studenter ved offentlig eller privat h\u00f8gskole\/universitet<br \/>\n<\/i><i>*Politih\u00f8gskolen<br \/>\n<\/i><i>*Befalskole<br \/>\n<\/i><i>*Videreg\u00e5ende skole<span class=\"Apple-converted-space\"><br \/>\n<\/span><\/i><i>*Utenlandske studentbevis fra universitet eller h\u00f8gskole<br \/>\n*L\u00e6rlinger<\/i><\/p>\n<p><b>For \u00e5 f\u00e5 studentrabatt m\u00e5 du ha med et studentkort eller elev- eller l\u00e6rlingbevis. <\/b>Dersom du studerer ved en institusjon som ikke utsteder studentbevis m\u00e5 du ha kvittering for betalt semesteravgift eller annen dokumentasjon.<\/p>\n<div class=\"accordion\"><div class=\"ac-title\">Dokumenter<\/div><div class=\"ac-content\"><\/p>\n<p><a href=\"https:\/\/www.folken.no\/folken\/wp-content\/uploads\/2021\/04\/Vedtekter_StiftelsenFolken_17082020.pdf\">Gjeldende vedtekter for Stiftelsen Folken<\/a><br \/>\n<a href=\"https:\/\/www.folken.no\/folken\/revidert-visjonsdokument-folken\/\">Visjonsdokumentet 2016-2026<\/a><\/p>\n<p><strong>2025<br \/>\n<\/strong><a href=\"https:\/\/www.folken.no\/folken\/wp-content\/uploads\/2025\/05\/Protokoll-GF-2025-sign.pdf\">Signert protokoll 2025<\/a><strong><br \/>\n<\/strong><a href=\"https:\/\/www.folken.no\/folken\/wp-content\/uploads\/2025\/04\/Samlede-sakspapirer-GF-2025.pdf\">Sakspapirer 2025 med \u00e5rsregnskap 2024 og revisors beretning<\/a><\/p>\n<p><strong>2024<br \/>\n<\/strong><a href=\"https:\/\/www.folken.no\/folken\/wp-content\/uploads\/2024\/05\/Protokoll-GF-2024-sign.pdf\">Signert protokoll 2024<\/a><br \/>\n<a href=\"https:\/\/www.folken.no\/folken\/wp-content\/uploads\/2024\/04\/Samlede-sakspapirer-GF-2024.pdf\">Sakspapirer med \u00e5rsregnskap og revisors beretning 2024<\/a><\/p>\n<p><strong>2023<br \/>\n<\/strong><a href=\"https:\/\/www.folken.no\/folken\/wp-content\/uploads\/2023\/05\/SKM_C30823051513190.pdf\">Signert protokoll 2023<\/a><strong><br \/>\n<\/strong><a href=\"https:\/\/www.folken.no\/folken\/wp-content\/uploads\/2023\/04\/Samlede-sakspapirer-GF-2023.pdf\">Sakspapirer med \u00e5rsregnskap 2023<\/a><br \/>\n<a href=\"https:\/\/www.folken.no\/folken\/wp-content\/uploads\/2023\/05\/Stiftelsen-Folken-signert-revisjonsberetning-2022.pdf\">Revisors beretning 2023<\/a><br \/>\n<a href=\"https:\/\/www.folken.no\/folken\/wp-content\/uploads\/2023\/10\/Samlede-sakspapirer-Ekstraordinaer-GF-2023.pdf\">Sakspapirer ekstraordin\u00e6r generalforsamling 2023<\/a><br \/>\n<a href=\"https:\/\/www.folken.no\/folken\/wp-content\/uploads\/2023\/11\/Signert-protokoll-ekstra-GF-2023.pdf\">Signert protokoll ekstraordin\u00e6r generalforsamling 2023<\/a><\/p>\n<p><strong>2022<br \/>\n<\/strong><a href=\"https:\/\/www.folken.no\/folken\/wp-content\/uploads\/2022\/10\/Signert_protokoll_gf_2022.pdf\">Signert protokoll 2022<\/a><strong><br \/>\n<\/strong><a href=\"https:\/\/www.folken.no\/folken\/wp-content\/uploads\/2022\/04\/Folken_Samlede_sakspapirer_GF_2022.pdf\">Sakspapirer med \u00e5rsregnskap 2022<\/a><br \/>\n<a href=\"https:\/\/www.folken.no\/folken\/wp-content\/uploads\/2022\/04\/2021-Folken-Revisjonsberetning-signert.pdf\">Revisors beretning 2022<\/a><br \/>\n<a href=\"https:\/\/www.folken.no\/folken\/wp-content\/uploads\/2022\/09\/Folken_Samlede_sakspapirer_Ekstraordinaer_GF_2022.pdf\">Sakspapirer ekstraordin\u00e6r generalforsamling 2022<\/a><br \/>\n<a href=\"https:\/\/www.folken.no\/folken\/wp-content\/uploads\/2022\/10\/Protokoll-XTRA-GF-2022.pdf\">Signert protokoll ekstraordin\u00e6r generalforsamling 2022<\/a><\/p>\n<p><strong>2021<br \/>\n<\/strong><a href=\"https:\/\/www.folken.no\/folken\/wp-content\/uploads\/2021\/05\/Protokoll_Folken_GF_2021.pdf\">Signert protokoll 2021<\/a><strong><br \/>\n<\/strong><a href=\"https:\/\/www.folken.no\/folken\/wp-content\/uploads\/2021\/04\/Folken_Samlede_sakspapirer_GF_2021.pdf\">Sakspapirer med \u00e5rsregnskap 2021<\/a><br \/>\n<a href=\"https:\/\/www.folken.no\/folken\/wp-content\/uploads\/2021\/05\/Signert-revisjonsberetning-2020-Folken.pdf\">Revisors beretning 2021<\/a><\/p>\n<p><strong>2020<br \/>\n<\/strong><a href=\"https:\/\/www.folken.no\/folken\/signert-protokoll-gf-2020\/\">Signert protokoll 2020<\/a><br \/>\n<a href=\"https:\/\/www.folken.no\/folken\/samlede-sakspapirer-gf-2020\/\">Sakspapirer med \u00e5rsregnskap 2020<\/a><\/p>\n<p><strong>2019<br \/>\n<\/strong><a href=\"https:\/\/www.folken.no\/folken\/signert-protokoll-gf-2019\/\">Signert protokoll 2019<\/a><strong><br \/>\n<\/strong><a href=\"https:\/\/www.folken.no\/folken\/samlede-sakspapirer-gf-2019-3\/\">Sakspapirer med \u00e5rsregnskap 2019<\/a><\/p>\n<p><strong>2018<br \/>\n<\/strong><a href=\"https:\/\/www.folken.no\/folken\/wp-content\/uploads\/2019\/03\/Signert-protokoll-GF-2018.pdf\">Signert protokoll 2018<\/a><br \/>\n<a href=\"https:\/\/www.folken.no\/folken\/wp-content\/uploads\/2019\/03\/Samlede-sakspapirer-GF-2018.pdf\">Sakspapirer 2018<\/a><br \/>\n<a href=\"https:\/\/www.folken.no\/folken\/wp-content\/uploads\/2019\/03\/Signert-\u00e5rsregnskap-2017.pdf\">\u00c5rsregnskap 2017<\/a><\/p>\n<p><strong>2017<br \/>\n<\/strong><a href=\"https:\/\/www.folken.no\/folken\/wp-content\/uploads\/2019\/03\/Signert-protokoll-GF-2017.pdf\">Signert protokoll 2017<\/a><br \/>\n<a href=\"https:\/\/www.folken.no\/folken\/wp-content\/uploads\/2017\/05\/Sakspapirer_GF_2017.pdf\">Sakspapirer 2017<\/a><br \/>\n<a href=\"https:\/\/www.folken.no\/folken\/wp-content\/uploads\/2017\/05\/Fullsignert-\u00e5rsregnskap-2016.pdf\">\u00c5rsregnskap 2016<\/a><\/p>\n<p><!--\n<a href=\"https:\/\/www.folken.no\/folken\/wp-content\/uploads\/2017\/05\/Revisjonsberetning-2016.pdf\">Revisjonsberetning 2016<\/a> --><\/p>\n<p><strong>2016<\/strong><br \/>\n<a href=\"https:\/\/www.folken.no\/folken\/wp-content\/uploads\/2017\/04\/Signert-protokoll-GF-2016.pdf\">Signert protokoll 2016<\/a><br \/>\n<a href=\"https:\/\/www.folken.no\/folken\/wp-content\/uploads\/2016\/04\/GF_2016_Sakspapirer.pdf\">Sakspapirer 2016<\/a><br \/>\n<a href=\"https:\/\/www.folken.no\/folken\/wp-content\/uploads\/2016\/04\/GF_2016_Signert_arsregnskap_2015.pdf\">\u00c5rsregnskap 2015<\/a><\/p>\n<p><strong>2015<\/strong><br \/>\n<a href=\"https:\/\/www.folken.no\/folken\/wp-content\/uploads\/2016\/01\/Signert-protokoll-GF-2015.pdf\">Signert protokoll 2015<\/a><br \/>\n<a href=\"https:\/\/www.folken.no\/folken\/wp-content\/uploads\/2015\/04\/Sakspapirer-GF-2015.pdf\">Sakspapirer 2015<\/a><br \/>\n<a href=\"https:\/\/www.folken.no\/folken\/wp-content\/uploads\/2015\/04\/\u00c5rsregnskap-2014-Stiftelsen-Folken-07.04.15.pdf\">\u00c5rsregnskap 2014<\/a><\/p>\n<p><strong>2014<\/strong><br \/>\n<a href=\"https:\/\/www.folken.no\/folken\/wp-content\/uploads\/2014\/10\/Signert_protokoll_GF_Folken_2014.pdf\">Signert protokoll 2014<\/a><br \/>\n<a href=\"https:\/\/www.folken.no\/folken\/wp-content\/uploads\/2014\/04\/\u00c5rsregnskap-Folken-2013.pdf\">\u00c5rsregnskap 2013<\/a><\/p>\n<p><\/div><\/div>\n","protected":false},"excerpt":{"rendered":"<p>Folken er studentenes kulturhus i Stavanger. Har du lyst \u00e5 gj\u00f8re noe for dine medstudenter og byen? Vi har alltid plass til flere folk b\u00e5de foran, bak og p\u00e5 scenen. Lyst \u00e5 arrangere debatter? Jobbe p\u00e5 konserter? Lyst p\u00e5 en bedre studiehverdag med kulturelle og sosiale innslag? Lyst \u00e5 oppleve Stavangers st\u00f8rste takh\u00f8yde? Ta kontakt [&hellip;]<\/p>\n","protected":false},"author":1,"featured_media":0,"parent":209,"menu_order":6,"comment_status":"closed","ping_status":"closed","template":"","meta":{"footnotes":""},"categories":[],"class_list":["post-236","page","type-page","status-publish","hentry"],"yoast_head":"<!-- This site is optimized with the Yoast SEO plugin v27.1.1 - https:\/\/yoast.com\/product\/yoast-seo-wordpress\/ -->\n<title>For studenter &#8211; Folken<\/title>\n<meta name=\"robots\" content=\"index, follow, max-snippet:-1, max-image-preview:large, max-video-preview:-1\" \/>\n<link rel=\"canonical\" href=\"https:\/\/www.folken.no\/folken\/om-folken\/for-studenter\/\" \/>\n<meta property=\"og:locale\" content=\"en_US\" \/>\n<meta property=\"og:type\" content=\"article\" \/>\n<meta property=\"og:title\" content=\"For studenter &#8211; Folken\" \/>\n<meta property=\"og:description\" content=\"Folken er studentenes kulturhus i Stavanger. Har du lyst \u00e5 gj\u00f8re noe for dine medstudenter og byen? Vi har alltid plass til flere folk b\u00e5de foran, bak og p\u00e5 scenen. Lyst \u00e5 arrangere debatter? Jobbe p\u00e5 konserter? Lyst p\u00e5 en bedre studiehverdag med kulturelle og sosiale innslag? Lyst \u00e5 oppleve Stavangers st\u00f8rste takh\u00f8yde? Ta kontakt [&hellip;]\" \/>\n<meta property=\"og:url\" content=\"https:\/\/www.folken.no\/folken\/om-folken\/for-studenter\/\" \/>\n<meta property=\"og:site_name\" content=\"Folken\" \/>\n<meta property=\"article:publisher\" content=\"https:\/\/www.facebook.com\/Folken1988\/\" \/>\n<meta property=\"article:modified_time\" content=\"2026-01-19T12:46:59+00:00\" \/>\n<meta property=\"og:image\" content=\"https:\/\/www.folken.no\/folken\/wp-content\/uploads\/2025\/09\/folken.jpg\" \/>\n\t<meta property=\"og:image:width\" content=\"1200\" \/>\n\t<meta property=\"og:image:height\" content=\"675\" \/>\n\t<meta property=\"og:image:type\" content=\"image\/jpeg\" \/>\n<meta name=\"twitter:card\" content=\"summary_large_image\" \/>\n<meta name=\"twitter:label1\" content=\"Est. reading time\" \/>\n\t<meta name=\"twitter:data1\" content=\"2 minutes\" \/>\n<script type=\"application\/ld+json\" class=\"yoast-schema-graph\">{\"@context\":\"https:\/\/schema.org\",\"@graph\":[{\"@type\":\"WebPage\",\"@id\":\"https:\/\/www.folken.no\/folken\/om-folken\/for-studenter\/\",\"url\":\"https:\/\/www.folken.no\/folken\/om-folken\/for-studenter\/\",\"name\":\"For studenter &#8211; Folken\",\"isPartOf\":{\"@id\":\"https:\/\/www.folken.no\/folken\/#website\"},\"datePublished\":\"2013-06-13T16:55:43+00:00\",\"dateModified\":\"2026-01-19T12:46:59+00:00\",\"breadcrumb\":{\"@id\":\"https:\/\/www.folken.no\/folken\/om-folken\/for-studenter\/#breadcrumb\"},\"inLanguage\":\"en-US\",\"potentialAction\":[{\"@type\":\"ReadAction\",\"target\":[\"https:\/\/www.folken.no\/folken\/om-folken\/for-studenter\/\"]}]},{\"@type\":\"BreadcrumbList\",\"@id\":\"https:\/\/www.folken.no\/folken\/om-folken\/for-studenter\/#breadcrumb\",\"itemListElement\":[{\"@type\":\"ListItem\",\"position\":1,\"name\":\"Home\",\"item\":\"https:\/\/www.folken.no\/folken\/\"},{\"@type\":\"ListItem\",\"position\":2,\"name\":\"Om Folken\",\"item\":\"https:\/\/www.folken.no\/folken\/om-folken\/\"},{\"@type\":\"ListItem\",\"position\":3,\"name\":\"For studenter\"}]},{\"@type\":\"WebSite\",\"@id\":\"https:\/\/www.folken.no\/folken\/#website\",\"url\":\"https:\/\/www.folken.no\/folken\/\",\"name\":\"Folken\",\"description\":\"\",\"publisher\":{\"@id\":\"https:\/\/www.folken.no\/folken\/#organization\"},\"potentialAction\":[{\"@type\":\"SearchAction\",\"target\":{\"@type\":\"EntryPoint\",\"urlTemplate\":\"https:\/\/www.folken.no\/folken\/?s={search_term_string}\"},\"query-input\":{\"@type\":\"PropertyValueSpecification\",\"valueRequired\":true,\"valueName\":\"search_term_string\"}}],\"inLanguage\":\"en-US\"},{\"@type\":\"Organization\",\"@id\":\"https:\/\/www.folken.no\/folken\/#organization\",\"name\":\"Folken\",\"url\":\"https:\/\/www.folken.no\/folken\/\",\"logo\":{\"@type\":\"ImageObject\",\"inLanguage\":\"en-US\",\"@id\":\"https:\/\/www.folken.no\/folken\/#\/schema\/logo\/image\/\",\"url\":\"https:\/\/www.folken.no\/folken\/wp-content\/uploads\/2025\/09\/logo.jpg\",\"contentUrl\":\"https:\/\/www.folken.no\/folken\/wp-content\/uploads\/2025\/09\/logo.jpg\",\"width\":1080,\"height\":1080,\"caption\":\"Folken\"},\"image\":{\"@id\":\"https:\/\/www.folken.no\/folken\/#\/schema\/logo\/image\/\"},\"sameAs\":[\"https:\/\/www.facebook.com\/Folken1988\/\",\"https:\/\/www.instagram.com\/folken1988\/\"]}]}<\/script>\n<!-- \/ Yoast SEO plugin. -->","yoast_head_json":{"title":"For studenter &#8211; Folken","robots":{"index":"index","follow":"follow","max-snippet":"max-snippet:-1","max-image-preview":"max-image-preview:large","max-video-preview":"max-video-preview:-1"},"canonical":"https:\/\/www.folken.no\/folken\/om-folken\/for-studenter\/","og_locale":"en_US","og_type":"article","og_title":"For studenter &#8211; Folken","og_description":"Folken er studentenes kulturhus i Stavanger. Har du lyst \u00e5 gj\u00f8re noe for dine medstudenter og byen? Vi har alltid plass til flere folk b\u00e5de foran, bak og p\u00e5 scenen. Lyst \u00e5 arrangere debatter? Jobbe p\u00e5 konserter? Lyst p\u00e5 en bedre studiehverdag med kulturelle og sosiale innslag? Lyst \u00e5 oppleve Stavangers st\u00f8rste takh\u00f8yde? Ta kontakt [&hellip;]","og_url":"https:\/\/www.folken.no\/folken\/om-folken\/for-studenter\/","og_site_name":"Folken","article_publisher":"https:\/\/www.facebook.com\/Folken1988\/","article_modified_time":"2026-01-19T12:46:59+00:00","og_image":[{"width":1200,"height":675,"url":"https:\/\/www.folken.no\/folken\/wp-content\/uploads\/2025\/09\/folken.jpg","type":"image\/jpeg"}],"twitter_card":"summary_large_image","twitter_misc":{"Est. reading time":"2 minutes"},"schema":{"@context":"https:\/\/schema.org","@graph":[{"@type":"WebPage","@id":"https:\/\/www.folken.no\/folken\/om-folken\/for-studenter\/","url":"https:\/\/www.folken.no\/folken\/om-folken\/for-studenter\/","name":"For studenter &#8211; Folken","isPartOf":{"@id":"https:\/\/www.folken.no\/folken\/#website"},"datePublished":"2013-06-13T16:55:43+00:00","dateModified":"2026-01-19T12:46:59+00:00","breadcrumb":{"@id":"https:\/\/www.folken.no\/folken\/om-folken\/for-studenter\/#breadcrumb"},"inLanguage":"en-US","potentialAction":[{"@type":"ReadAction","target":["https:\/\/www.folken.no\/folken\/om-folken\/for-studenter\/"]}]},{"@type":"BreadcrumbList","@id":"https:\/\/www.folken.no\/folken\/om-folken\/for-studenter\/#breadcrumb","itemListElement":[{"@type":"ListItem","position":1,"name":"Home","item":"https:\/\/www.folken.no\/folken\/"},{"@type":"ListItem","position":2,"name":"Om Folken","item":"https:\/\/www.folken.no\/folken\/om-folken\/"},{"@type":"ListItem","position":3,"name":"For studenter"}]},{"@type":"WebSite","@id":"https:\/\/www.folken.no\/folken\/#website","url":"https:\/\/www.folken.no\/folken\/","name":"Folken","description":"","publisher":{"@id":"https:\/\/www.folken.no\/folken\/#organization"},"potentialAction":[{"@type":"SearchAction","target":{"@type":"EntryPoint","urlTemplate":"https:\/\/www.folken.no\/folken\/?s={search_term_string}"},"query-input":{"@type":"PropertyValueSpecification","valueRequired":true,"valueName":"search_term_string"}}],"inLanguage":"en-US"},{"@type":"Organization","@id":"https:\/\/www.folken.no\/folken\/#organization","name":"Folken","url":"https:\/\/www.folken.no\/folken\/","logo":{"@type":"ImageObject","inLanguage":"en-US","@id":"https:\/\/www.folken.no\/folken\/#\/schema\/logo\/image\/","url":"https:\/\/www.folken.no\/folken\/wp-content\/uploads\/2025\/09\/logo.jpg","contentUrl":"https:\/\/www.folken.no\/folken\/wp-content\/uploads\/2025\/09\/logo.jpg","width":1080,"height":1080,"caption":"Folken"},"image":{"@id":"https:\/\/www.folken.no\/folken\/#\/schema\/logo\/image\/"},"sameAs":["https:\/\/www.facebook.com\/Folken1988\/","https:\/\/www.instagram.com\/folken1988\/"]}]}},"_links":{"self":[{"href":"https:\/\/www.folken.no\/folken\/wp-json\/wp\/v2\/pages\/236","targetHints":{"allow":["GET"]}}],"collection":[{"href":"https:\/\/www.folken.no\/folken\/wp-json\/wp\/v2\/pages"}],"about":[{"href":"https:\/\/www.folken.no\/folken\/wp-json\/wp\/v2\/types\/page"}],"author":[{"embeddable":true,"href":"https:\/\/www.folken.no\/folken\/wp-json\/wp\/v2\/users\/1"}],"replies":[{"embeddable":true,"href":"https:\/\/www.folken.no\/folken\/wp-json\/wp\/v2\/comments?post=236"}],"version-history":[{"count":82,"href":"https:\/\/www.folken.no\/folken\/wp-json\/wp\/v2\/pages\/236\/revisions"}],"predecessor-version":[{"id":9427,"href":"https:\/\/www.folken.no\/folken\/wp-json\/wp\/v2\/pages\/236\/revisions\/9427"}],"up":[{"embeddable":true,"href":"https:\/\/www.folken.no\/folken\/wp-json\/wp\/v2\/pages\/209"}],"wp:attachment":[{"href":"https:\/\/www.folken.no\/folken\/wp-json\/wp\/v2\/media?parent=236"}],"wp:term":[{"taxonomy":"category","embeddable":true,"href":"https:\/\/www.folken.no\/folken\/wp-json\/wp\/v2\/categories?post=236"}],"curies":[{"name":"wp","href":"https:\/\/api.w.org\/{rel}","templated":true}]}}