{"id":6333,"date":"2016-09-26T11:29:13","date_gmt":"2016-09-26T09:29:13","guid":{"rendered":"http:\/\/www.folken.no\/folken\/?page_id=6333"},"modified":"2025-04-02T14:07:02","modified_gmt":"2025-04-02T12:07:02","slug":"vergeordningen","status":"publish","type":"page","link":"https:\/\/www.folken.no\/folken\/om-folken\/vergeordningen\/","title":{"rendered":"Vergeordningen"},"content":{"rendered":"<h2>Vi \u00f8nsker \u00e5 kunne tilby mindre\u00e5rige gode opplevelser p\u00e5 Folken.<\/h2>\n<p><strong>Derfor kan foresatte fungere som verge for sine mindre\u00e5rige. H\u00e5ndtering av mindre\u00e5rige i et skjenkelokale \u2013 selv med verge \u2013 krever en del ekstra bemanning. Dersom personer under oppgitt aldersgrense \u00f8nsker \u00e5 komme p\u00e5 et av v\u00e5re arrangement, m\u00e5 dette avtales p\u00e5 forh\u00e5nd og godkjennes av ansvarlige for arrangementet. Ta kontakt p\u00e5 epost eller telefon i god tid f\u00f8r arrangement.<\/strong><\/p>\n<p>Ferdig utfylt vergekontrakt skal leveres sammen med billetten ved ankomst. P\u00e5 arrangementer av en viss st\u00f8rrelse og\/eller art kan vergealternativet falle bort.<\/p>\n<p>Som verge aksepteres edru person over 25 \u00e5r som har et forelder- eller formynderforhold til den mindre\u00e5rige.<\/p>\n<p>En verge kan ha ansvar for maksimalt 2 mindre\u00e5rige. Vergen m\u00e5 v\u00e6re edru under hele oppholdet p\u00e5 Folken. Vergekontrakt lastes ned <a href=\"https:\/\/www.folken.no\/folken\/wp-content\/uploads\/2016\/09\/vergekontrakt.pdf\">her<\/a>.<\/p>\n","protected":false},"excerpt":{"rendered":"<p>Vi \u00f8nsker \u00e5 kunne tilby mindre\u00e5rige gode opplevelser p\u00e5 Folken. Derfor kan foresatte fungere som verge for sine mindre\u00e5rige. H\u00e5ndtering av mindre\u00e5rige i et skjenkelokale \u2013 selv med verge \u2013 krever en del ekstra bemanning. Dersom personer under oppgitt aldersgrense \u00f8nsker \u00e5 komme p\u00e5 et av v\u00e5re arrangement, m\u00e5 dette avtales p\u00e5 forh\u00e5nd og godkjennes [&hellip;]<\/p>\n","protected":false},"author":8,"featured_media":0,"parent":209,"menu_order":23,"comment_status":"closed","ping_status":"closed","template":"","meta":{"footnotes":""},"categories":[],"class_list":["post-6333","page","type-page","status-publish","hentry"],"yoast_head":"<!-- This site is optimized with the Yoast SEO plugin v27.1.1 - https:\/\/yoast.com\/product\/yoast-seo-wordpress\/ -->\n<title>Vergeordningen &#8211; Folken<\/title>\n<meta name=\"robots\" content=\"index, follow, max-snippet:-1, max-image-preview:large, max-video-preview:-1\" \/>\n<link rel=\"canonical\" href=\"https:\/\/www.folken.no\/folken\/om-folken\/vergeordningen\/\" \/>\n<meta property=\"og:locale\" content=\"en_US\" \/>\n<meta property=\"og:type\" content=\"article\" \/>\n<meta property=\"og:title\" content=\"Vergeordningen &#8211; Folken\" \/>\n<meta property=\"og:description\" content=\"Vi \u00f8nsker \u00e5 kunne tilby mindre\u00e5rige gode opplevelser p\u00e5 Folken. Derfor kan foresatte fungere som verge for sine mindre\u00e5rige. H\u00e5ndtering av mindre\u00e5rige i et skjenkelokale \u2013 selv med verge \u2013 krever en del ekstra bemanning. Dersom personer under oppgitt aldersgrense \u00f8nsker \u00e5 komme p\u00e5 et av v\u00e5re arrangement, m\u00e5 dette avtales p\u00e5 forh\u00e5nd og godkjennes [&hellip;]\" \/>\n<meta property=\"og:url\" content=\"https:\/\/www.folken.no\/folken\/om-folken\/vergeordningen\/\" \/>\n<meta property=\"og:site_name\" content=\"Folken\" \/>\n<meta property=\"article:publisher\" content=\"https:\/\/www.facebook.com\/Folken1988\/\" \/>\n<meta property=\"article:modified_time\" content=\"2025-04-02T12:07:02+00:00\" \/>\n<meta property=\"og:image\" content=\"https:\/\/www.folken.no\/folken\/wp-content\/uploads\/2025\/09\/folken.jpg\" \/>\n\t<meta property=\"og:image:width\" content=\"1200\" \/>\n\t<meta property=\"og:image:height\" content=\"675\" \/>\n\t<meta property=\"og:image:type\" content=\"image\/jpeg\" \/>\n<meta name=\"twitter:card\" content=\"summary_large_image\" \/>\n<meta name=\"twitter:label1\" content=\"Est. reading time\" \/>\n\t<meta name=\"twitter:data1\" content=\"1 minute\" \/>\n<script type=\"application\/ld+json\" class=\"yoast-schema-graph\">{\"@context\":\"https:\/\/schema.org\",\"@graph\":[{\"@type\":\"WebPage\",\"@id\":\"https:\/\/www.folken.no\/folken\/om-folken\/vergeordningen\/\",\"url\":\"https:\/\/www.folken.no\/folken\/om-folken\/vergeordningen\/\",\"name\":\"Vergeordningen &#8211; Folken\",\"isPartOf\":{\"@id\":\"https:\/\/www.folken.no\/folken\/#website\"},\"datePublished\":\"2016-09-26T09:29:13+00:00\",\"dateModified\":\"2025-04-02T12:07:02+00:00\",\"breadcrumb\":{\"@id\":\"https:\/\/www.folken.no\/folken\/om-folken\/vergeordningen\/#breadcrumb\"},\"inLanguage\":\"en-US\",\"potentialAction\":[{\"@type\":\"ReadAction\",\"target\":[\"https:\/\/www.folken.no\/folken\/om-folken\/vergeordningen\/\"]}]},{\"@type\":\"BreadcrumbList\",\"@id\":\"https:\/\/www.folken.no\/folken\/om-folken\/vergeordningen\/#breadcrumb\",\"itemListElement\":[{\"@type\":\"ListItem\",\"position\":1,\"name\":\"Home\",\"item\":\"https:\/\/www.folken.no\/folken\/\"},{\"@type\":\"ListItem\",\"position\":2,\"name\":\"Om Folken\",\"item\":\"https:\/\/www.folken.no\/folken\/om-folken\/\"},{\"@type\":\"ListItem\",\"position\":3,\"name\":\"Vergeordningen\"}]},{\"@type\":\"WebSite\",\"@id\":\"https:\/\/www.folken.no\/folken\/#website\",\"url\":\"https:\/\/www.folken.no\/folken\/\",\"name\":\"Folken\",\"description\":\"\",\"publisher\":{\"@id\":\"https:\/\/www.folken.no\/folken\/#organization\"},\"potentialAction\":[{\"@type\":\"SearchAction\",\"target\":{\"@type\":\"EntryPoint\",\"urlTemplate\":\"https:\/\/www.folken.no\/folken\/?s={search_term_string}\"},\"query-input\":{\"@type\":\"PropertyValueSpecification\",\"valueRequired\":true,\"valueName\":\"search_term_string\"}}],\"inLanguage\":\"en-US\"},{\"@type\":\"Organization\",\"@id\":\"https:\/\/www.folken.no\/folken\/#organization\",\"name\":\"Folken\",\"url\":\"https:\/\/www.folken.no\/folken\/\",\"logo\":{\"@type\":\"ImageObject\",\"inLanguage\":\"en-US\",\"@id\":\"https:\/\/www.folken.no\/folken\/#\/schema\/logo\/image\/\",\"url\":\"https:\/\/www.folken.no\/folken\/wp-content\/uploads\/2025\/09\/logo.jpg\",\"contentUrl\":\"https:\/\/www.folken.no\/folken\/wp-content\/uploads\/2025\/09\/logo.jpg\",\"width\":1080,\"height\":1080,\"caption\":\"Folken\"},\"image\":{\"@id\":\"https:\/\/www.folken.no\/folken\/#\/schema\/logo\/image\/\"},\"sameAs\":[\"https:\/\/www.facebook.com\/Folken1988\/\",\"https:\/\/www.instagram.com\/folken1988\/\"]}]}<\/script>\n<!-- \/ Yoast SEO plugin. -->","yoast_head_json":{"title":"Vergeordningen &#8211; Folken","robots":{"index":"index","follow":"follow","max-snippet":"max-snippet:-1","max-image-preview":"max-image-preview:large","max-video-preview":"max-video-preview:-1"},"canonical":"https:\/\/www.folken.no\/folken\/om-folken\/vergeordningen\/","og_locale":"en_US","og_type":"article","og_title":"Vergeordningen &#8211; Folken","og_description":"Vi \u00f8nsker \u00e5 kunne tilby mindre\u00e5rige gode opplevelser p\u00e5 Folken. Derfor kan foresatte fungere som verge for sine mindre\u00e5rige. H\u00e5ndtering av mindre\u00e5rige i et skjenkelokale \u2013 selv med verge \u2013 krever en del ekstra bemanning. Dersom personer under oppgitt aldersgrense \u00f8nsker \u00e5 komme p\u00e5 et av v\u00e5re arrangement, m\u00e5 dette avtales p\u00e5 forh\u00e5nd og godkjennes [&hellip;]","og_url":"https:\/\/www.folken.no\/folken\/om-folken\/vergeordningen\/","og_site_name":"Folken","article_publisher":"https:\/\/www.facebook.com\/Folken1988\/","article_modified_time":"2025-04-02T12:07:02+00:00","og_image":[{"width":1200,"height":675,"url":"https:\/\/www.folken.no\/folken\/wp-content\/uploads\/2025\/09\/folken.jpg","type":"image\/jpeg"}],"twitter_card":"summary_large_image","twitter_misc":{"Est. reading time":"1 minute"},"schema":{"@context":"https:\/\/schema.org","@graph":[{"@type":"WebPage","@id":"https:\/\/www.folken.no\/folken\/om-folken\/vergeordningen\/","url":"https:\/\/www.folken.no\/folken\/om-folken\/vergeordningen\/","name":"Vergeordningen &#8211; Folken","isPartOf":{"@id":"https:\/\/www.folken.no\/folken\/#website"},"datePublished":"2016-09-26T09:29:13+00:00","dateModified":"2025-04-02T12:07:02+00:00","breadcrumb":{"@id":"https:\/\/www.folken.no\/folken\/om-folken\/vergeordningen\/#breadcrumb"},"inLanguage":"en-US","potentialAction":[{"@type":"ReadAction","target":["https:\/\/www.folken.no\/folken\/om-folken\/vergeordningen\/"]}]},{"@type":"BreadcrumbList","@id":"https:\/\/www.folken.no\/folken\/om-folken\/vergeordningen\/#breadcrumb","itemListElement":[{"@type":"ListItem","position":1,"name":"Home","item":"https:\/\/www.folken.no\/folken\/"},{"@type":"ListItem","position":2,"name":"Om Folken","item":"https:\/\/www.folken.no\/folken\/om-folken\/"},{"@type":"ListItem","position":3,"name":"Vergeordningen"}]},{"@type":"WebSite","@id":"https:\/\/www.folken.no\/folken\/#website","url":"https:\/\/www.folken.no\/folken\/","name":"Folken","description":"","publisher":{"@id":"https:\/\/www.folken.no\/folken\/#organization"},"potentialAction":[{"@type":"SearchAction","target":{"@type":"EntryPoint","urlTemplate":"https:\/\/www.folken.no\/folken\/?s={search_term_string}"},"query-input":{"@type":"PropertyValueSpecification","valueRequired":true,"valueName":"search_term_string"}}],"inLanguage":"en-US"},{"@type":"Organization","@id":"https:\/\/www.folken.no\/folken\/#organization","name":"Folken","url":"https:\/\/www.folken.no\/folken\/","logo":{"@type":"ImageObject","inLanguage":"en-US","@id":"https:\/\/www.folken.no\/folken\/#\/schema\/logo\/image\/","url":"https:\/\/www.folken.no\/folken\/wp-content\/uploads\/2025\/09\/logo.jpg","contentUrl":"https:\/\/www.folken.no\/folken\/wp-content\/uploads\/2025\/09\/logo.jpg","width":1080,"height":1080,"caption":"Folken"},"image":{"@id":"https:\/\/www.folken.no\/folken\/#\/schema\/logo\/image\/"},"sameAs":["https:\/\/www.facebook.com\/Folken1988\/","https:\/\/www.instagram.com\/folken1988\/"]}]}},"_links":{"self":[{"href":"https:\/\/www.folken.no\/folken\/wp-json\/wp\/v2\/pages\/6333","targetHints":{"allow":["GET"]}}],"collection":[{"href":"https:\/\/www.folken.no\/folken\/wp-json\/wp\/v2\/pages"}],"about":[{"href":"https:\/\/www.folken.no\/folken\/wp-json\/wp\/v2\/types\/page"}],"author":[{"embeddable":true,"href":"https:\/\/www.folken.no\/folken\/wp-json\/wp\/v2\/users\/8"}],"replies":[{"embeddable":true,"href":"https:\/\/www.folken.no\/folken\/wp-json\/wp\/v2\/comments?post=6333"}],"version-history":[{"count":9,"href":"https:\/\/www.folken.no\/folken\/wp-json\/wp\/v2\/pages\/6333\/revisions"}],"predecessor-version":[{"id":9334,"href":"https:\/\/www.folken.no\/folken\/wp-json\/wp\/v2\/pages\/6333\/revisions\/9334"}],"up":[{"embeddable":true,"href":"https:\/\/www.folken.no\/folken\/wp-json\/wp\/v2\/pages\/209"}],"wp:attachment":[{"href":"https:\/\/www.folken.no\/folken\/wp-json\/wp\/v2\/media?parent=6333"}],"wp:term":[{"taxonomy":"category","embeddable":true,"href":"https:\/\/www.folken.no\/folken\/wp-json\/wp\/v2\/categories?post=6333"}],"curies":[{"name":"wp","href":"https:\/\/api.w.org\/{rel}","templated":true}]}}