{"id":7050,"date":"2017-09-22T12:36:46","date_gmt":"2017-09-22T10:36:46","guid":{"rendered":"http:\/\/www.folken.no\/folken\/?page_id=7050"},"modified":"2017-09-22T12:36:47","modified_gmt":"2017-09-22T10:36:47","slug":"privacy","status":"publish","type":"page","link":"https:\/\/www.folken.no\/folken\/privacy\/","title":{"rendered":"Vilk\u00e5r for personvern"},"content":{"rendered":"<h2>Om<\/h2>\n<p>Velkommen til Stiftelsen Folken. Stiftelsen Folken (\u201cSelskapet\u201d, \u201cVi\u201d og\/eller \u201cV\u00e5r\u201d) gj\u00f8r det mulig for mennesker  \u00e5 planlegge, promotere og selge billetter til et arrangement. Vi gj\u00f8r det enkelt for alle \u00e5 dele arrangement de deltar p\u00e5 med personer de kjenner. Vi gj\u00f8r dette gjennom v\u00e5r hjemmeside og v\u00e5re domener, eller gjennom tjenestene v\u00e5re. Dette inkluderer domener ellers levert av oss og programvaren som er tilgjengelig gjennom v\u00e5r hjemmeside. (inkludert v\u00e5r mobile applikasjon) (felles betegnet som \u00abTjenesten\u00bb)<\/p>\n<h2>V\u00e5re retningslinjer<\/h2>\n<p>Disse retningslinjene for personvern angir v\u00e5re retningslinjer med hensyn til informasjon, inkludert personlig identifiserbar informasjon (\u201cPersonopplysninger\u201d), som er samlet inn fra brukere av- og\/eller bes\u00f8kende p\u00e5 Tjenesten (inkludert gjennom brukernes og bes\u00f8kendes agenter) (\u00abDu\u00bb eller \u00abDin\u00bb), inkludert (i) registrerte brukere som er arrang\u00f8rer (\u00abArrang\u00f8rene\u00bb), (ii) Brukere som \u00f8nsker \u00e5 kj\u00f8pe billetter til registrerte arrangement (ogs\u00e5 til arrangement som er gratis) som er publisert av Arrang\u00f8rer gjennom Tjenesten, og (iii) andre Ikke-Arrang\u00f8rer eller bes\u00f8kende som er innom Tjenesten.<\/p>\n<p>Vi tar ditt personvern p\u00e5 alvor. Derfor har vi laget disse retningslinjene. Vennligst les denne personvernserkl\u00e6ringen som inneholder viktig informasjon om dine personvernsopplysninger og annen informasjon.<\/p>\n<p>Dersom du har noen sp\u00f8rsm\u00e5l eller kommentarer, ikke n\u00f8l med \u00e5 kontakte oss ved \u00e5 sende en e-post.<\/p>\n<p><strong>Samtykke<\/strong><br \/>\nVed \u00e5 bruke Tjenestene eller \u00e5 tillate noen \u00e5 bruke Tjenestene p\u00e5 dine vegne, samtykker du til v\u00e5r innsamling, bruk, utlevering, overf\u00f8ring og lagring i henhold til disse retningslinjene for personvern for personlige data eller annen informasjon som er mottatt av oss som et resultat av slike bruke.<\/p>\n<h2>Informasjon vi samler<\/h2>\n<p>N\u00e5r du interagerer med oss gjennom Tjenesten kan vi samle personlig data og annen informasjon fra deg. Slik informasjon beskrives under:<\/p>\n<p><strong>Personopplysninger<\/strong><br \/>\nVi samler personopplysninger fra deg n\u00e5r du frivillig oppgir slik informasjon til Tjenesten, slik som n\u00e5r du kj\u00f8per billetter til et arrangement, kontakter oss med foresp\u00f8rsler, svarer p\u00e5 v\u00e5re sp\u00f8rreunders\u00f8kelser eller bruker enkelte deler av Tjenesten.<\/p>\n<p>Personopplysningene vi samler kan inkludere, uten begrensning til, ditt navn, adresse, epost adresse, postkode og annen personlig identifiserbar informasjon. I tillegg kan arrang\u00f8rer velge \u00e5 samle inn virtuell informasjon fra Kj\u00f8pere I sammenheng med registrering til et arrangement som benytter seg av Tjenesten. Dersom en Kj\u00f8per frivillig oppgir informasjon i sammenheng med registrering for et arrangement eller i annen sammenheng vil denne informasjonen v\u00e6re tilgjengelig for Stiftelsen Folken \u00e5 benytte seg av i henhold til disse retningslinjene for personvern. I tillegg vil slik informasjon kunne bli levert til Arrang\u00f8ren av det respektive arrangementet.<\/p>\n<h2>Ikke-personlig informasjon<\/h2>\n<p>Ikke-identifiserbar informasjon: N\u00e5r du interagerer med Tjenestene samler vi inn noe personlig ikke-identifiserbar informasjon (\u00abIkke-personlig informasjon\u00bb). Denne Ikke- personlige informasjonen som vi samler inkluderer, uten begrensing, internett protokoll (IP) adresser, nettlesertype, andre karakteristikker av dine enheter og programvare, domenenavn p\u00e5 din internett tjenesteleverand\u00f8r, din omtrentlige geografiske lokasjon, din registrerte bruk av Tjenesten, tidspunkt for bruk av Tjenesten og samlede personopplysninger som ikke kan brukes til \u00e5 identifisere deg. Slik informasjon, som samles passivt ved bruk av ulike teknologier kan ikke, I og av den selv, bli brukt til \u00e5 identifisere deg. Vi samler ogs\u00e5 Ikke-personlig data (inkludert, uten begrensing, den ovenfor nevnte typen) fra tredjeparter. Informasjonen vi samler fra tredjeparter kan bli kombinert med informasjonen vi samler.<\/p>\n<p>Cookies og andre \u00f8kt-identifiserere:  N\u00e5r vi opererer Tjenestene bruker vi en teknologi som kalles \u00abcookies\u00bb. En cookie er en del informasjon som er plassert i din nettleser n\u00e5r du g\u00e5r inn p\u00e5 Tjenesten. V\u00e5re cookies hjelper \u00e5 forsyne tilleggsfunksjonalitet til Tjenestene og hjelper oss \u00e5 analysere Tjenestebruken mer n\u00f8yaktig. For eksempel kan v\u00e5re Tjenester plassere en cookie p\u00e5 din nettleser som tillater at du g\u00e5r inn p\u00e5 Tjenesten uten \u00e5 m\u00e5tte huske passord mer enn en gang i l\u00f8pet av et bes\u00f8k. Disse cookiene kan bli brukt til \u00e5 skreddersy innhold (inkludert reklame) du ser p\u00e5 Tjenesten og p\u00e5 andre internettsider som du bes\u00f8ker i fremtiden. Cookies kan enten v\u00e6re \u00f8ktscookies (for eksempel at den kun varer for en \u00f8kt) eller de kan v\u00e6re langvarige cookies (for eksempel at de fortsetter i din nettleser frem til de slettes eller utl\u00f8per). Gjennom din nettlesers innstillinger kan du (i) motta varsel n\u00e5r du mottar nye cookies eller (ii) slette cookies. Vennligst se p\u00e5 din nettlesers hjelpesider for informasjon om hvordan gj\u00f8re disse innstillingene. Vi anbefaler at du lar cookies v\u00e6re sl\u00e5tt p\u00e5 fordi de tillater deg \u00e5 utnytte noen av funksjonene til Tjenesten. [J1]<\/p>\n<p>Samlet personopplysninger: I en p\u00e5g\u00e5ende prosess av \u00e5 bedre forst\u00e5 og tjene brukere av Tjenesten avholder vi ofte studier p\u00e5 v\u00e5re kunders demografi, interesser og adferd basert p\u00e5 Personlig informasjon og annen informasjon vi har samlet. Disse studiene vil bli analysert p\u00e5 en samlet basis og denne samlede informasjonen identifiserer ikke deg personlig og er derfor sett p\u00e5 og behandlet som Ikke-personlig informasjon i disse retningslinjer for personvern.<\/p>\n<h2>Bruk av informasjon vi samler<\/h2>\n<p><strong>Personopplysninger<\/strong><br \/>\nVi bruker den personlige informasjonen vi samler p\u00e5 en m\u00e5te som er i overenstemmelse med disse retningslinjer for personvern. Vi kan bruke den personlige informasjonen p\u00e5 f\u00f8lgende m\u00e5te:<\/p>\n<p><strong>Spesifikk grunn:<\/strong> Dersom du oppgir personopplysninger for en spesifikk grunn kan vi bruke disse personopplysningene i samsvar med den spesifikke grunnen som var opplyst om. For eksempel, dersom du kontakter oss ved e-post vil vi bruke personopplysningene for \u00e5 svare p\u00e5 din henvendelse<\/p>\n<p><strong>Tilgang og bruk:<\/strong> Dersom du oppgir personopplysninger for \u00e5 oppn\u00e5 tilgang til bruk av Tjenesten eller for tilgang til funksjonalitet vil vi bruke denne informasjonen for \u00e5 gi deg tilgang til \u00e5 bruke Tjenesten eller funksjonaliteten og for \u00e5 overv\u00e5ke din bruk av slike Tjenester og funksjonaliteter. For eksempel, dersom du oppgir betalingsinformasjon til tjenesten for den hensikt \u00e5 kj\u00f8pe billetter som en Kj\u00f8per vil vi bruke denne informasjonen til \u00e5 fasilitetere slik betaling.<\/p>\n<p><strong>Interne forretningsform\u00e5l:<\/strong> Vi kan bruke dine personopplysninger for interne forretningsform\u00e5l inkludert, uten begrensning, til \u00e5 hjelpe oss med \u00e5 forbedre innhold og funksjonalitet av Tjenesten, bedre forst\u00e5 v\u00e5re brukere, forbedre Tjenestene, beskytte mot, identifisere eller adressere forseelser, \u00e5 h\u00e5ndheve v\u00e5re Brukervilk\u00e5r, \u00e5 h\u00e5ndtere din konto og gi kundeservice, og generelt h\u00e5ndtere Tjenestene og v\u00e5r forretning.<\/p>\n<p><strong>Markedsf\u00f8ring:<\/strong> Vi kan kunne bruke dine personopplysninger for \u00e5 kontakte deg i fremtiden for markedsf\u00f8ring og reklame hensikter, inkludert uten begrensing, for \u00e5 informere deg om Tjenester og arrangement vi tror kan v\u00e6re av interesse for deg, for \u00e5 utvikle promoterings- eller markedsf\u00f8rings materiale og levere slike materialer til deg, og for \u00e5 vise innhold og reklame p\u00e5 eller av Tjenestene som vi tror vil v\u00e6re av interesse for deg. Spesielt burde Arrang\u00f8rer legge merke til at vi kan bruke informasjon vi mottar eller samler om Brukere (inkludert, uten begrensing, via en Arrang\u00f8rs arrangements registeringsside) i henhold til disse retningslinjer for personvern.<\/p>\n<p><strong>Arrang\u00f8rs e-post:<\/strong> Vi tillater Arrang\u00f8rer \u00e5 benytte seg av v\u00e5rt epost system for \u00e5 kontakte Kj\u00f8pere av deres n\u00e5v\u00e6rende arrangement, slik at du kan motta en slik epost fra v\u00e5re systemer som stammer fra en slik Arrang\u00f8r. Dersom vi har som hensikt \u00e5 benytte oss av personopplysninger som ikke er i henhold til disse vilk\u00e5r vil du bli informert om dette p\u00e5 forh\u00e5nd eller p\u00e5 det tidspunkt den personlige informasjonen er samlet, eller vi vil innhente din tillatelse til slik bruk f\u00f8r vi utf\u00f8rer handlingen.<\/p>\n<p><strong>Ikke-personlig informasjon:<\/strong> Fordi Ikke-personlig informasjon ikke kan bli brukt til \u00e5 personlig identifisere deg kan vi bruke slik informasjon for en hvilken som helst lovlig hensikt.<\/p>\n<h2>Utlevering av informasjon vi samler<\/h2>\n<p><strong>Personopplysninger:<\/strong> Vi selger ingen personlig informasjon. Vi anser denne informasjonen \u00e5 v\u00e6re en vesentlig del av v\u00e5rt forhold til deg. Derfor selger vi ikke dine personopplysninger til tredjeparter, inkludert annons\u00f8rer. Allikevel er det enkelte anledninger vi kan utlevere, overf\u00f8re eller dele din personlige informasjon med visse tredjeparter uten \u00e5 oppgi dette til deg. Slike anledninger er nevnt nedunder:<\/p>\n<p><strong>Arrang\u00f8rer:<\/strong> N\u00e5r du kj\u00f8per billetter til et arrangement p\u00e5 Tjenesten godtar du \u00e5 oppgi personopplysninger til arrang\u00f8ren. Disse arrang\u00f8rene er ikke bundet til \u00e5 behandle personopplysningene i henhold til disse retningslinjer for personvern. Du godkjenner at vi ikke er ansvarlig for handlinger disse arrang\u00f8rene gj\u00f8r med tanke p\u00e5 dine personopplysninger. Det er viktig at du g\u00e5r igjennom retningslinjene for personvern som Arrang\u00f8rene har f\u00f8r du oppgir personopplysninger eller annen informasjon i sammenheng med arrangementet.<\/p>\n<p><strong>Facebook og andre tredjeparter:<\/strong> Du kan knytte din Arrang\u00f8rkonto hos opp mot dine kontoer p\u00e5 tredjeparts tjenester slik som Facebook. Da kan vi samle, bruke, overf\u00f8re, avsl\u00f8re og lagre informasjon i sammenheng med din kontor hos en slik tredjepart i henhold til disse retningslinjer for personvern.<\/p>\n<p><strong>Lovlige krav:<\/strong> Vi kan avsl\u00f8re dine personopplysninger dersom det kreves av loven (inkludert, uten begrensning for \u00e5 svare p\u00e5 en stevning eller anmodning fra politi, domstol eller offentlig etat) eller i den tro at slik avsl\u00f8ring er n\u00f8dvendig (i) for \u00e5 overholde en rettslig forpliktelse, til (ii) \u00e5 beskytte eller forsvare v\u00e5re rettigheter, interesser eller eiendom, eller som av tredjepart, (iii) \u00e5 forebygge, etterforske, eller identifisere mulige forseelser i forbindelse med Tjenestene, (iv) \u00e5 handle under kritiske omstendigheter for \u00e5 beskytte den personlige sikkerheten for brukere av Tjenestene eller offentligheten, eller (v) for \u00e5 beskytte mot rettslig ansvar.<\/p>\n<p><strong>Ikke-personlig informasjon:<\/strong> Ettersom ikke-personlig informasjon ikke kan bli brukt til \u00e5 personlig identifisere deg kan vi avsl\u00f8re, overf\u00f8re eller dele ikke-personlig informasjon for en hvilken som helst rettmessig hensikt.<\/p>\n<p><strong>Dine valg:<\/strong> Du har flere valg tilgjengelig n\u00e5r det kommer til dine personopplysninger<\/p>\n<p><strong>Begrens personopplysningene du gir:<\/strong> Du kan benytte deg av Tjenesten uten \u00e5 levere noen personopplysninger eller \u00e5 begrense de personopplysningene du gir. Dersom du velger og ikke levere noen personopplysninger eller begrense den kan det hende det er enkelte funksjonaliteter av Tjenesten du ikke kan benytte deg av. For eksempel kan du ikke opprette arrang\u00f8rkonto eller kj\u00f8pe billetter uten \u00e5 oppgi navn og epostadresse.<\/p>\n<p><strong>Utmelding:<\/strong> Du kan avbestille og motta nyhetsbrev p\u00e5 epost ved \u00e5 trykke p\u00e5 \u00abmeld av nyhetsbrev\u00bb nederst i eposten du mottok med nyhetsbrev. Selv om du melder deg av nyhetsbrev vil vi fortsatt kunne sende deg eposter som ang\u00e5r de arrangement som du er p\u00e5 dersom det er endringer i disse eller dersom det er viktige beskjeder som m\u00e5 meddeles med deg om kj\u00f8per. Selv om du sletter din konto som arrang\u00f8r eller ikke benytter sine tjenester lenger vil vi allikevel ha dine personopplysninger og din ikke-personlige informasjon lagret i henhold til disse retningslinjer for personvern, men vi vil ikke benytte denne informasjonen til \u00e5 kontakte deg.<\/p>\n<p><strong>Unntak:<\/strong> Disse retningslinjer for personvern gjelder ikke for personlig informasjon samlet av annet enn informasjon samlet gjennom Tjenestene. Disse retningslinjer for personvern skal ikke gjelde informasjon oppgitt uoppfordret til  eller en annen bruker eller bes\u00f8kende gjennom Tjenesten eller gjennom andre medium.  Dette inkluderer, men er ikke begrenset til, informasjon oppgitt p\u00e5 offentlige omr\u00e5der av Tjenestene. All informasjon gitt uoppfordret vil bli sett p\u00e5 som ikke-konfidensielle og vi vil kunne benytte oss av slik informasjon til \u00e5 reprodusere, bruke og utforske uten begrensninger.<\/p>\n<p><strong>Linker til andre hjemmesider:<\/strong> Disse retningslinjer for personvern gjelder kun for Tjenestene. Tjenestene kan inneholde linker til andre hjemmesider som ikke h\u00e5ndteres av og v\u00e5re retningslinjer for personvern gjelder ikke p\u00e5 disse hjemmesidene.<\/p>\n<p>Lagring og sikkerhet: Vi kan kanskje lagre personopplysninger selv eller slik informasjon kan bli lagret i databaser eid og vedlikeholdt av v\u00e5re partnere, agenter eller tjenesteleverand\u00f8rer. Vi vil gj\u00f8re de grep for \u00e5 beskytte personopplysningene som er oppgitt via Tjenestene mot tap, misbruk, uautorisert tilgang, endringer og \u00f8deleggelse. Allikevel er det viktig \u00e5 merke seg at ingen internett eller e-post utveksling er noen sinne fult sikker og feilfri. Derfor b\u00f8r du v\u00e6re oppmerksom p\u00e5 hva slags informasjon du oppgir til oss, spesielt over epost.<\/p>\n<p><strong>Internasjonale Personvernregler:<\/strong> Dersom du bes\u00f8ker v\u00e5re hjemmesider eller benytter deg av v\u00e5r programvare utenfor Norge, v\u00e6r oppmerksom p\u00e5 at du sender informasjon (inkludert personlig informasjon) til Norge der v\u00e5re servere er plassert. Vi vil oppbevare og prosessere dine personopplysninger og din ikke-personlig informasjon i henhold til norske personvernregler.<\/p>\n<p><strong>Andre Vilk\u00e5r:<\/strong> Din tilgang og bruk av Tjenesten m\u00e5 f\u00f8lge v\u00e5re Vilk\u00e5r. Dersom du benytter deg av API-er m\u00e5 du f\u00f8lge vilk\u00e5r for API bruk.<\/p>\n<p><strong>Endringer i disse retningslinjer for personvern:<\/strong> Tjenestene og v\u00e5rt selskap kan endres fra tid til annen. Som et resultat kan det til tider v\u00e6re n\u00f8dvendig for oss \u00e5 endre disse retningslinjer for personvern. Vi reserverer oss retten til \u00e5 oppdatere og modifisere disse retningslinjer for personvern fra tid til annen ved \u00e5 legge ut nye versjoner av disse retningslinjer p\u00e5 v\u00e5re hjemmesider. Vennligst g\u00e5 igjennom disse retningslinjene periodevis, og spesielt f\u00f8r du oppgir personopplysninger. Disse retningslinjer for personvern ble sist oppdatert p\u00e5 den datoen som st\u00e5r \u00f8verst i retningslinjene. Din fortsatte bruk av Tjenestene etter endringer i disse retningslinjene for personvern vil resultere at du fortsatt godtar retningslinjene..<\/p>\n<p><strong>Tilgang til informasjon:<\/strong> Arrang\u00f8rer har tilgang til og kan oppdatere deres personopplysninger som lagres hos ved \u00e5 logge p\u00e5 sin arrang\u00f8rkonto. Arrang\u00f8rer kan ogs\u00e5 kontakte direkte for \u00e5 endre informasjon som ikke er tilgjengelig gjennom deres arrang\u00f8rkonto. Kj\u00f8pere og andre ikke-arrang\u00f8rer som ikke har en konto hos oss kan kontakte oss med foresp\u00f8rsel om hvilken informasjon som er lagret p\u00e5 dem.<\/p>\n<p>Vi vil levere informasjon om slike foresp\u00f8rsler innen 30 dager dersom vi finner foresp\u00f8rselen fornuftig. Noter at det ikke er sikkert du har tilgang til eller mulighet til \u00e5 oppdatere ikke-personlig informasjon.<\/p>\n<p><strong>Oppbevaring og sletting:<\/strong> Stiftelsen Folken kan oppbevare dine personopplysninger s\u00e5 lenge du fortsetter \u00e5 benytte Tjenestene. Du kan slette din arrang\u00f8rkonto ved \u00e5 kontakte oss.<\/p>\n<p>Vi kan oppbevare personopplysningene og den ikke-personlige informasjonen for den tidsperioden som er  tillatt under gjeldene lover. Selv om du sletter dine personopplysninger kan det eksistere p\u00e5 sikkerhetskopier eller i arkiver og andre informasjonssystemer.<\/p>\n<p><strong>Kontakt:<\/strong> Kontakt oss gjerne dersom du har sp\u00f8rsm\u00e5l ang\u00e5ende disse retningslinjene for personvern eller sp\u00f8rsm\u00e5l om v\u00e5r praksis. Du kan kontakte oss ved \u00e5 sende en e-post.<\/p>\n<p><strong>L\u00f8sning av tvister:<\/strong> Dersom du har klager p\u00e5 personvernspraksis b\u00f8r du kontakte oss.<\/p>\n","protected":false},"excerpt":{"rendered":"<p>Om Velkommen til Stiftelsen Folken. Stiftelsen Folken (\u201cSelskapet\u201d, \u201cVi\u201d og\/eller \u201cV\u00e5r\u201d) gj\u00f8r det mulig for mennesker \u00e5 planlegge, promotere og selge billetter til et arrangement. Vi gj\u00f8r det enkelt for alle \u00e5 dele arrangement de deltar p\u00e5 med personer de kjenner. Vi gj\u00f8r dette gjennom v\u00e5r hjemmeside og v\u00e5re domener, eller gjennom tjenestene v\u00e5re. Dette [&hellip;]<\/p>\n","protected":false},"author":8,"featured_media":0,"parent":0,"menu_order":3,"comment_status":"closed","ping_status":"closed","template":"","meta":{"footnotes":""},"categories":[28],"class_list":["post-7050","page","type-page","status-publish","hentry","category-annet"],"yoast_head":"<!-- This site is optimized with the Yoast SEO plugin v27.1.1 - https:\/\/yoast.com\/product\/yoast-seo-wordpress\/ -->\n<title>Vilk\u00e5r for personvern &#8211; Folken<\/title>\n<meta name=\"robots\" content=\"index, follow, max-snippet:-1, max-image-preview:large, max-video-preview:-1\" \/>\n<link rel=\"canonical\" href=\"https:\/\/www.folken.no\/folken\/privacy\/\" \/>\n<meta property=\"og:locale\" content=\"en_US\" \/>\n<meta property=\"og:type\" content=\"article\" \/>\n<meta property=\"og:title\" content=\"Vilk\u00e5r for personvern &#8211; Folken\" \/>\n<meta property=\"og:description\" content=\"Om Velkommen til Stiftelsen Folken. Stiftelsen Folken (\u201cSelskapet\u201d, \u201cVi\u201d og\/eller \u201cV\u00e5r\u201d) gj\u00f8r det mulig for mennesker \u00e5 planlegge, promotere og selge billetter til et arrangement. Vi gj\u00f8r det enkelt for alle \u00e5 dele arrangement de deltar p\u00e5 med personer de kjenner. Vi gj\u00f8r dette gjennom v\u00e5r hjemmeside og v\u00e5re domener, eller gjennom tjenestene v\u00e5re. Dette [&hellip;]\" \/>\n<meta property=\"og:url\" content=\"https:\/\/www.folken.no\/folken\/privacy\/\" \/>\n<meta property=\"og:site_name\" content=\"Folken\" \/>\n<meta property=\"article:publisher\" content=\"https:\/\/www.facebook.com\/Folken1988\/\" \/>\n<meta property=\"article:modified_time\" content=\"2017-09-22T10:36:47+00:00\" \/>\n<meta property=\"og:image\" content=\"https:\/\/www.folken.no\/folken\/wp-content\/uploads\/2025\/09\/folken.jpg\" \/>\n\t<meta property=\"og:image:width\" content=\"1200\" \/>\n\t<meta property=\"og:image:height\" content=\"675\" \/>\n\t<meta property=\"og:image:type\" content=\"image\/jpeg\" \/>\n<meta name=\"twitter:card\" content=\"summary_large_image\" \/>\n<meta name=\"twitter:label1\" content=\"Est. reading time\" \/>\n\t<meta name=\"twitter:data1\" content=\"12 minutes\" \/>\n<script type=\"application\/ld+json\" class=\"yoast-schema-graph\">{\"@context\":\"https:\/\/schema.org\",\"@graph\":[{\"@type\":\"WebPage\",\"@id\":\"https:\/\/www.folken.no\/folken\/privacy\/\",\"url\":\"https:\/\/www.folken.no\/folken\/privacy\/\",\"name\":\"Vilk\u00e5r for personvern &#8211; Folken\",\"isPartOf\":{\"@id\":\"https:\/\/www.folken.no\/folken\/#website\"},\"datePublished\":\"2017-09-22T10:36:46+00:00\",\"dateModified\":\"2017-09-22T10:36:47+00:00\",\"breadcrumb\":{\"@id\":\"https:\/\/www.folken.no\/folken\/privacy\/#breadcrumb\"},\"inLanguage\":\"en-US\",\"potentialAction\":[{\"@type\":\"ReadAction\",\"target\":[\"https:\/\/www.folken.no\/folken\/privacy\/\"]}]},{\"@type\":\"BreadcrumbList\",\"@id\":\"https:\/\/www.folken.no\/folken\/privacy\/#breadcrumb\",\"itemListElement\":[{\"@type\":\"ListItem\",\"position\":1,\"name\":\"Home\",\"item\":\"https:\/\/www.folken.no\/folken\/\"},{\"@type\":\"ListItem\",\"position\":2,\"name\":\"Vilk\u00e5r for personvern\"}]},{\"@type\":\"WebSite\",\"@id\":\"https:\/\/www.folken.no\/folken\/#website\",\"url\":\"https:\/\/www.folken.no\/folken\/\",\"name\":\"Folken\",\"description\":\"\",\"publisher\":{\"@id\":\"https:\/\/www.folken.no\/folken\/#organization\"},\"potentialAction\":[{\"@type\":\"SearchAction\",\"target\":{\"@type\":\"EntryPoint\",\"urlTemplate\":\"https:\/\/www.folken.no\/folken\/?s={search_term_string}\"},\"query-input\":{\"@type\":\"PropertyValueSpecification\",\"valueRequired\":true,\"valueName\":\"search_term_string\"}}],\"inLanguage\":\"en-US\"},{\"@type\":\"Organization\",\"@id\":\"https:\/\/www.folken.no\/folken\/#organization\",\"name\":\"Folken\",\"url\":\"https:\/\/www.folken.no\/folken\/\",\"logo\":{\"@type\":\"ImageObject\",\"inLanguage\":\"en-US\",\"@id\":\"https:\/\/www.folken.no\/folken\/#\/schema\/logo\/image\/\",\"url\":\"https:\/\/www.folken.no\/folken\/wp-content\/uploads\/2025\/09\/logo.jpg\",\"contentUrl\":\"https:\/\/www.folken.no\/folken\/wp-content\/uploads\/2025\/09\/logo.jpg\",\"width\":1080,\"height\":1080,\"caption\":\"Folken\"},\"image\":{\"@id\":\"https:\/\/www.folken.no\/folken\/#\/schema\/logo\/image\/\"},\"sameAs\":[\"https:\/\/www.facebook.com\/Folken1988\/\",\"https:\/\/www.instagram.com\/folken1988\/\"]}]}<\/script>\n<!-- \/ Yoast SEO plugin. -->","yoast_head_json":{"title":"Vilk\u00e5r for personvern &#8211; Folken","robots":{"index":"index","follow":"follow","max-snippet":"max-snippet:-1","max-image-preview":"max-image-preview:large","max-video-preview":"max-video-preview:-1"},"canonical":"https:\/\/www.folken.no\/folken\/privacy\/","og_locale":"en_US","og_type":"article","og_title":"Vilk\u00e5r for personvern &#8211; Folken","og_description":"Om Velkommen til Stiftelsen Folken. Stiftelsen Folken (\u201cSelskapet\u201d, \u201cVi\u201d og\/eller \u201cV\u00e5r\u201d) gj\u00f8r det mulig for mennesker \u00e5 planlegge, promotere og selge billetter til et arrangement. Vi gj\u00f8r det enkelt for alle \u00e5 dele arrangement de deltar p\u00e5 med personer de kjenner. Vi gj\u00f8r dette gjennom v\u00e5r hjemmeside og v\u00e5re domener, eller gjennom tjenestene v\u00e5re. Dette [&hellip;]","og_url":"https:\/\/www.folken.no\/folken\/privacy\/","og_site_name":"Folken","article_publisher":"https:\/\/www.facebook.com\/Folken1988\/","article_modified_time":"2017-09-22T10:36:47+00:00","og_image":[{"width":1200,"height":675,"url":"https:\/\/www.folken.no\/folken\/wp-content\/uploads\/2025\/09\/folken.jpg","type":"image\/jpeg"}],"twitter_card":"summary_large_image","twitter_misc":{"Est. reading time":"12 minutes"},"schema":{"@context":"https:\/\/schema.org","@graph":[{"@type":"WebPage","@id":"https:\/\/www.folken.no\/folken\/privacy\/","url":"https:\/\/www.folken.no\/folken\/privacy\/","name":"Vilk\u00e5r for personvern &#8211; Folken","isPartOf":{"@id":"https:\/\/www.folken.no\/folken\/#website"},"datePublished":"2017-09-22T10:36:46+00:00","dateModified":"2017-09-22T10:36:47+00:00","breadcrumb":{"@id":"https:\/\/www.folken.no\/folken\/privacy\/#breadcrumb"},"inLanguage":"en-US","potentialAction":[{"@type":"ReadAction","target":["https:\/\/www.folken.no\/folken\/privacy\/"]}]},{"@type":"BreadcrumbList","@id":"https:\/\/www.folken.no\/folken\/privacy\/#breadcrumb","itemListElement":[{"@type":"ListItem","position":1,"name":"Home","item":"https:\/\/www.folken.no\/folken\/"},{"@type":"ListItem","position":2,"name":"Vilk\u00e5r for personvern"}]},{"@type":"WebSite","@id":"https:\/\/www.folken.no\/folken\/#website","url":"https:\/\/www.folken.no\/folken\/","name":"Folken","description":"","publisher":{"@id":"https:\/\/www.folken.no\/folken\/#organization"},"potentialAction":[{"@type":"SearchAction","target":{"@type":"EntryPoint","urlTemplate":"https:\/\/www.folken.no\/folken\/?s={search_term_string}"},"query-input":{"@type":"PropertyValueSpecification","valueRequired":true,"valueName":"search_term_string"}}],"inLanguage":"en-US"},{"@type":"Organization","@id":"https:\/\/www.folken.no\/folken\/#organization","name":"Folken","url":"https:\/\/www.folken.no\/folken\/","logo":{"@type":"ImageObject","inLanguage":"en-US","@id":"https:\/\/www.folken.no\/folken\/#\/schema\/logo\/image\/","url":"https:\/\/www.folken.no\/folken\/wp-content\/uploads\/2025\/09\/logo.jpg","contentUrl":"https:\/\/www.folken.no\/folken\/wp-content\/uploads\/2025\/09\/logo.jpg","width":1080,"height":1080,"caption":"Folken"},"image":{"@id":"https:\/\/www.folken.no\/folken\/#\/schema\/logo\/image\/"},"sameAs":["https:\/\/www.facebook.com\/Folken1988\/","https:\/\/www.instagram.com\/folken1988\/"]}]}},"_links":{"self":[{"href":"https:\/\/www.folken.no\/folken\/wp-json\/wp\/v2\/pages\/7050","targetHints":{"allow":["GET"]}}],"collection":[{"href":"https:\/\/www.folken.no\/folken\/wp-json\/wp\/v2\/pages"}],"about":[{"href":"https:\/\/www.folken.no\/folken\/wp-json\/wp\/v2\/types\/page"}],"author":[{"embeddable":true,"href":"https:\/\/www.folken.no\/folken\/wp-json\/wp\/v2\/users\/8"}],"replies":[{"embeddable":true,"href":"https:\/\/www.folken.no\/folken\/wp-json\/wp\/v2\/comments?post=7050"}],"version-history":[{"count":2,"href":"https:\/\/www.folken.no\/folken\/wp-json\/wp\/v2\/pages\/7050\/revisions"}],"predecessor-version":[{"id":7052,"href":"https:\/\/www.folken.no\/folken\/wp-json\/wp\/v2\/pages\/7050\/revisions\/7052"}],"wp:attachment":[{"href":"https:\/\/www.folken.no\/folken\/wp-json\/wp\/v2\/media?parent=7050"}],"wp:term":[{"taxonomy":"category","embeddable":true,"href":"https:\/\/www.folken.no\/folken\/wp-json\/wp\/v2\/categories?post=7050"}],"curies":[{"name":"wp","href":"https:\/\/api.w.org\/{rel}","templated":true}]}}